{"id":6491,"date":"2024-01-04T22:21:40","date_gmt":"2024-01-04T22:21:40","guid":{"rendered":"https:\/\/www.saludtlax.gob.mx\/portal\/?page_id=6491"},"modified":"2026-01-06T18:06:34","modified_gmt":"2026-01-06T18:06:34","slug":"convocatoria-para-la-inscripcion-al-padron-de-proveedores-del-o-p-d-salud-de-tlaxcala","status":"publish","type":"page","link":"https:\/\/www.saludtlax.gob.mx\/portal\/index.php\/convocatoria-para-la-inscripcion-al-padron-de-proveedores-del-o-p-d-salud-de-tlaxcala\/","title":{"rendered":"CONVOCATORIA PARA LA INSCRIPCI\u00d3N AL PADR\u00d3N DE PROVEEDORES 2026 DEL O.P.D. SALUD DE TLAXCALA"},"content":{"rendered":"<section class=\"wpb-content-wrapper\"><p>[vc_row][vc_column][vc_column_text]<br \/>\n<strong>DESCRIPCI\u00d3N:<\/strong><\/p>\n<ul>\n<li>OTORGAR ALTA DEL REGISTRO EN EL PADR\u00d3N DE PROVEEDORES DEL O.P.D. SALUD DE TLAXCALA A LAS PERSONAS F\u00cdSICAS Y\/ MORALES INTERESADAS EN PRESENTAS SUS PROPUESTAS EN PROCESOS DE ADJUDICACI\u00d3N DE BIENES O SERVICIOS.<\/li>\n<\/ul>\n<!-- \/wp:post-content -->\n<p><!-- wp:paragraph --><strong>MODALIDAD: <\/strong><\/p>\n<ul><!-- wp:list-item --><\/p>\n<li>EN LINEA Y PRESENCIAL<\/li>\n<\/ul>\n<p><strong>TR\u00c1MITE EN LINEA:<\/strong><\/p>\n<ul><!-- wp:list-item --><\/p>\n<li>PAGINA OFICIAL DE LA SECRETARIA DE SALUD TLAXCALA (https:\/\/www.saludtlax.gob.mx) PARA DESCARGA DE FORMATOS.<\/li>\n<\/ul>\n<p><!-- wp:paragraph --><strong>TR\u00c1MITE PRESENCIAL:<\/strong><\/p>\n<ol>\n<li style=\"list-style-type: none;\">\n<ol>\n<li style=\"list-style-type: none;\">\n<ol><!-- wp:list-item --><\/p>\n<li>ACUDIR AL DEPARTAMENTO DE RECURSOS MATERIALES DEL O.P.D. SALUD DE TLAXCALA Y PRESENTE LA SOLICITUD JUNTO CON LOS DOCUMENTOS REQUERIDOS ESCANEADOS EN MEMORIA USB.<\/li>\n<\/ol>\n<\/li>\n<\/ol>\n<p><!-- \/wp:list-item --><br \/>\n<!-- wp:list-item --><\/p>\n<ol>\n<li style=\"list-style-type: none;\">\n<ol>\n<li>SE REVISA LA MEMORIA USB VERIFICANDO QUE LA DOCUMENTACI\u00d3N ESTE COMPLETA Y SE CANALIZA A LA JEFA DEL DEPARTAMENTO DE RECURSOS MATERIALES PARA SU AUTORIZACI\u00d3N.<\/li>\n<\/ol>\n<\/li>\n<\/ol>\n<p><!-- \/wp:list-item --><br \/>\n<!-- wp:list-item --><\/p>\n<ol>\n<li>UNA VEZ AUTORIZADA SE ELABORA EL REGISTRO Y SU ALTA AL PADR\u00d3N DE PROVEEDORES.<\/li>\n<\/ol>\n<\/li>\n<\/ol>\n<!-- \/wp:list-item --><!-- \/wp:paragraph -->\n<p><!-- wp:paragraph --><strong>QU\u00cdENES PUEDEN REALIZAR EL TR\u00c1MITE:<\/strong><\/p>\n<ul><!-- wp:list-item --><\/p>\n<li>PERSONAS F\u00cdSICAS Y MORALES.<\/li>\n<\/ul>\n<p><!-- \/wp:list-item --><!-- \/wp:paragraph --><strong>DOCUMENTO A OBTENER:<\/strong><\/p>\n<ul><!-- wp:list-item --><\/p>\n<li>ALTA AL PADR\u00d3N \u00daNICO DE PROVEEDORES 2025 Y N\u00daMERO DE BENEFICIARIO.<\/li>\n<\/ul>\n<p><!-- wp:paragraph --><strong>REQUISITOS:<\/strong><\/p>\n<ul><!-- wp:list-item --><\/p>\n<li>DESCARGAR DE LA PAGINA OFICIAL DE LA SECRETARIA DE SALUD LA SOLICITUD DE INSCRIPCI\u00d3N Y EL LISTADO DE REQUISITOS QUE SE DEBER\u00c1N DIGITALIZAR EN MEMORIA USB.<\/li>\n<\/ul>\n<!-- \/wp:list-item --><!-- \/wp:paragraph -->\n<p><!-- wp:paragraph --><strong>VIGENCIA:<\/strong><\/p>\n<!-- \/wp:paragraph -->\n<p><!-- wp:paragraph -->UN A\u00d1O NATURAL, A PARTIR DE LA FECHA DE EXPEDICION DE LA CONSTANCIA DE ALTA.<\/p>\n<!-- \/wp:paragraph -->\n<p><!-- wp:paragraph --><strong>CRITERIOS DE RESOLUCI\u00d3N:<\/strong><\/p>\n<ul><!-- wp:list-item --><\/p>\n<li>CUMPLIR CON LOS REQUISITOS ESTABLECIDOS EN LA PRESENTE CONVOCATORIA.<\/li>\n<\/ul>\n<!-- \/wp:list-item --><!-- \/wp:paragraph -->\n<p><!-- wp:paragraph --><strong>FUNDAMENTO JURIDICO:<\/strong><\/p>\n<ul><!-- wp:list-item --><\/p>\n<li>LEY DE ADQUISICIONES ARRENDAMIENTOS Y SERVICIOS DEL ESTADO DE TLAXCALA<\/li>\n<\/ul>\n<!-- \/wp:list-item -->\n<!-- wp:list-item -->\n<ul>\n<li>REGLAMENTO INTERIOR DEL O.P.D. SALUD DE TLAXCALA.<\/li>\n<\/ul>\n<!-- \/wp:list-item --><!-- \/wp:paragraph -->\n<p><!-- wp:paragraph --><strong>FORMATOS DIGITALES:<\/strong><\/p>\n<ul><!-- wp:list-item --><\/p>\n<li>SOLICITUD PADR\u00d3N DE PROVEEDORES 2026 <a href=\"https:\/\/www.saludtlax.gob.mx\/portal\/wp-content\/uploads\/2026\/01\/SOLICITUD-DE-INSCRIPCION-2026.pdf\" target=\"_blank\" rel=\"noreferrer noopener\"><img loading=\"lazy\" decoding=\"async\" class=\"alignnone wp-image-6492\" style=\"width: 35px;\" src=\"https:\/\/www.saludtlax.gob.mx\/portal\/wp-content\/uploads\/2024\/01\/symbole-pdf-violet.png\" alt=\"\" width=\"512\" height=\"512\" srcset=\"https:\/\/www.saludtlax.gob.mx\/portal\/wp-content\/uploads\/2024\/01\/symbole-pdf-violet.png 512w, https:\/\/www.saludtlax.gob.mx\/portal\/wp-content\/uploads\/2024\/01\/symbole-pdf-violet-300x300.png 300w, https:\/\/www.saludtlax.gob.mx\/portal\/wp-content\/uploads\/2024\/01\/symbole-pdf-violet-150x150.png 150w, https:\/\/www.saludtlax.gob.mx\/portal\/wp-content\/uploads\/2024\/01\/symbole-pdf-violet-100x100.png 100w\" sizes=\"auto, (max-width: 512px) 100vw, 512px\" \/><\/a><\/li>\n<li>REQUISITOS Y FORMATO PADR\u00d3N PROVEEDORES 2026 <a href=\"https:\/\/www.saludtlax.gob.mx\/portal\/wp-content\/uploads\/2026\/01\/REQUISITOS-2026.pdf\" target=\"_blank\" rel=\"noreferrer noopener\"><img loading=\"lazy\" decoding=\"async\" class=\"alignnone wp-image-6492\" style=\"width: 35px;\" src=\"https:\/\/www.saludtlax.gob.mx\/portal\/wp-content\/uploads\/2024\/01\/symbole-pdf-violet.png\" alt=\"\" width=\"512\" height=\"512\" srcset=\"https:\/\/www.saludtlax.gob.mx\/portal\/wp-content\/uploads\/2024\/01\/symbole-pdf-violet.png 512w, https:\/\/www.saludtlax.gob.mx\/portal\/wp-content\/uploads\/2024\/01\/symbole-pdf-violet-300x300.png 300w, https:\/\/www.saludtlax.gob.mx\/portal\/wp-content\/uploads\/2024\/01\/symbole-pdf-violet-150x150.png 150w, https:\/\/www.saludtlax.gob.mx\/portal\/wp-content\/uploads\/2024\/01\/symbole-pdf-violet-100x100.png 100w\" sizes=\"auto, (max-width: 512px) 100vw, 512px\" \/><\/a><\/li>\n<\/ul>\n<!-- \/wp:list-item --><!-- \/wp:paragraph --><!-- \/wp:list-item --><!-- \/wp:list-item -->\n<p><!-- \/wp:list-item -->[\/vc_column_text][\/vc_column][\/vc_row]<\/p>\n<\/section>","protected":false},"excerpt":{"rendered":"<p>[vc_row][vc_column][vc_column_text] DESCRIPCI\u00d3N: OTORGAR ALTA DEL REGISTRO EN EL PADR\u00d3N DE PROVEEDORES DEL O.P.D. SALUD DE TLAXCALA A LAS PERSONAS F\u00cdSICAS Y\/ MORALES INTERESADAS EN PRESENTAS SUS PROPUESTAS EN PROCESOS DE ADJUDICACI\u00d3N DE BIENES O SERVICIOS. MODALIDAD: EN LINEA Y PRESENCIAL TR\u00c1MITE EN LINEA: PAGINA OFICIAL DE LA SECRETARIA DE SALUD TLAXCALA (https:\/\/www.saludtlax.gob.mx) PARA DESCARGA DE<\/p>\n","protected":false},"author":1,"featured_media":0,"parent":0,"menu_order":0,"comment_status":"closed","ping_status":"closed","template":"","meta":{"footnotes":""},"class_list":["post-6491","page","type-page","status-publish","hentry"],"_links":{"self":[{"href":"https:\/\/www.saludtlax.gob.mx\/portal\/index.php\/wp-json\/wp\/v2\/pages\/6491","targetHints":{"allow":["GET"]}}],"collection":[{"href":"https:\/\/www.saludtlax.gob.mx\/portal\/index.php\/wp-json\/wp\/v2\/pages"}],"about":[{"href":"https:\/\/www.saludtlax.gob.mx\/portal\/index.php\/wp-json\/wp\/v2\/types\/page"}],"author":[{"embeddable":true,"href":"https:\/\/www.saludtlax.gob.mx\/portal\/index.php\/wp-json\/wp\/v2\/users\/1"}],"replies":[{"embeddable":true,"href":"https:\/\/www.saludtlax.gob.mx\/portal\/index.php\/wp-json\/wp\/v2\/comments?post=6491"}],"version-history":[{"count":10,"href":"https:\/\/www.saludtlax.gob.mx\/portal\/index.php\/wp-json\/wp\/v2\/pages\/6491\/revisions"}],"predecessor-version":[{"id":7777,"href":"https:\/\/www.saludtlax.gob.mx\/portal\/index.php\/wp-json\/wp\/v2\/pages\/6491\/revisions\/7777"}],"wp:attachment":[{"href":"https:\/\/www.saludtlax.gob.mx\/portal\/index.php\/wp-json\/wp\/v2\/media?parent=6491"}],"curies":[{"name":"wp","href":"https:\/\/api.w.org\/{rel}","templated":true}]}}