{"id":6275,"date":"2023-05-24T20:10:05","date_gmt":"2023-05-24T20:10:05","guid":{"rendered":"https:\/\/www.saludtlax.gob.mx\/portal\/?page_id=6275"},"modified":"2023-05-29T17:40:05","modified_gmt":"2023-05-29T17:40:05","slug":"contraloria-social","status":"publish","type":"page","link":"https:\/\/www.saludtlax.gob.mx\/portal\/index.php\/contraloria-social\/","title":{"rendered":"Contralor\u00eda Social"},"content":{"rendered":"<section class=\"wpb-content-wrapper\"><p>[vc_row][vc_column]<h3 class=\"box-header\">Informaci\u00f3n Contralor\u00eda Social<\/h3>[\/vc_column][\/vc_row][vc_row][vc_column][vc_column_text]<\/p>\n<ul>\n<li><a href=\"https:\/\/www.saludtlax.gob.mx\/documentos\/financieros\/2023\/info_general\/TRIPTICO_CS.pdf\">Tr\u00edptico Contralor\u00eda Social<\/a><\/li>\n<li><a href=\"https:\/\/www.saludtlax.gob.mx\/documentos\/financieros\/2023\/info_general\/PATCS_2023.pdf\">Programa Estatal de Trabajo de Contralor\u00eda Social<\/a><\/li>\n<\/ul>\n<p>[\/vc_column_text][\/vc_column][\/vc_row]<\/p>\n<\/section>","protected":false},"excerpt":{"rendered":"<p>[vc_row][vc_column][\/vc_column][\/vc_row][vc_row][vc_column][vc_column_text] Tr\u00edptico Contralor\u00eda Social Programa Estatal de Trabajo de Contralor\u00eda Social [\/vc_column_text][\/vc_column][\/vc_row]<\/p>\n","protected":false},"author":1,"featured_media":0,"parent":0,"menu_order":0,"comment_status":"closed","ping_status":"closed","template":"","meta":{"footnotes":""},"class_list":["post-6275","page","type-page","status-publish","hentry"],"_links":{"self":[{"href":"https:\/\/www.saludtlax.gob.mx\/portal\/index.php\/wp-json\/wp\/v2\/pages\/6275","targetHints":{"allow":["GET"]}}],"collection":[{"href":"https:\/\/www.saludtlax.gob.mx\/portal\/index.php\/wp-json\/wp\/v2\/pages"}],"about":[{"href":"https:\/\/www.saludtlax.gob.mx\/portal\/index.php\/wp-json\/wp\/v2\/types\/page"}],"author":[{"embeddable":true,"href":"https:\/\/www.saludtlax.gob.mx\/portal\/index.php\/wp-json\/wp\/v2\/users\/1"}],"replies":[{"embeddable":true,"href":"https:\/\/www.saludtlax.gob.mx\/portal\/index.php\/wp-json\/wp\/v2\/comments?post=6275"}],"version-history":[{"count":3,"href":"https:\/\/www.saludtlax.gob.mx\/portal\/index.php\/wp-json\/wp\/v2\/pages\/6275\/revisions"}],"predecessor-version":[{"id":6280,"href":"https:\/\/www.saludtlax.gob.mx\/portal\/index.php\/wp-json\/wp\/v2\/pages\/6275\/revisions\/6280"}],"wp:attachment":[{"href":"https:\/\/www.saludtlax.gob.mx\/portal\/index.php\/wp-json\/wp\/v2\/media?parent=6275"}],"curies":[{"name":"wp","href":"https:\/\/api.w.org\/{rel}","templated":true}]}}