{"id":6095,"date":"2023-05-01T20:54:46","date_gmt":"2023-05-01T20:54:46","guid":{"rendered":"https:\/\/www.saludtlax.gob.mx\/portal\/?page_id=6095"},"modified":"2023-05-01T20:58:15","modified_gmt":"2023-05-01T20:58:15","slug":"formatos-inegi-2023","status":"publish","type":"page","link":"https:\/\/www.saludtlax.gob.mx\/portal\/index.php\/formatos-inegi-2023\/","title":{"rendered":"Formatos INEGI 2023"},"content":{"rendered":"<section class=\"wpb-content-wrapper\"><p>[vc_row][vc_column][vc_column_text]<\/p>\n<p>&nbsp;<\/p>\n<p>Los siguientes son los nuevos formatos de INEGI 2023 para las distintas \u00e1reas de este organismo.<\/p>\n<p>Lista:<\/p>\n<ul>\n<li><a href=\"https:\/\/intranet.saludtlax.gob.mx\/documentos\/inegi2023\/coeprist.zip\">COEPRIST<\/a><\/li>\n<li><a href=\"https:\/\/intranet.saludtlax.gob.mx\/documentos\/inegi2023\/enfermeria.zip\">Enfermer\u00eda<\/a><\/li>\n<li><a href=\"https:\/\/intranet.saludtlax.gob.mx\/documentos\/inegi2023\/ense%C3%B1anza.zip\">Ense\u00f1anza<\/a><\/li>\n<li><a href=\"https:\/\/intranet.saludtlax.gob.mx\/documentos\/inegi2023\/epidemiologia.zip\">Epidemiolog\u00eda<\/a><\/li>\n<li><a href=\"https:\/\/intranet.saludtlax.gob.mx\/documentos\/inegi2023\/hit.zip\">Hospital Infantil<\/a><\/li>\n<li><a href=\"https:\/\/intranet.saludtlax.gob.mx\/documentos\/inegi2023\/vacunacion.zip\">Vacunaci\u00f3n<\/a><\/li>\n<li><a href=\"https:\/\/intranet.saludtlax.gob.mx\/documentos\/inegi2023\/recursos_humanos.zip\">Recursos Humanos<\/a><\/li>\n<li><a href=\"https:\/\/intranet.saludtlax.gob.mx\/documentos\/inegi2023\/CISMAAS.zip\">CISMAAS<\/a><\/li>\n<li><a href=\"https:\/\/intranet.saludtlax.gob.mx\/documentos\/inegi2023\/Atencion_Primaria.zip\">Atenci\u00f3n Primaria<\/a><\/li>\n<li><a href=\"https:\/\/intranet.saludtlax.gob.mx\/documentos\/inegi2023\/Atencion_Especializada.zip\">Atenci\u00f3n Especializada<\/a><\/li>\n<\/ul>\n<p>[\/vc_column_text][\/vc_column][\/vc_row]<\/p>\n<\/section>","protected":false},"excerpt":{"rendered":"<p>[vc_row][vc_column][vc_column_text] &nbsp; Los siguientes son los nuevos formatos de INEGI 2023 para las distintas \u00e1reas de este organismo. Lista: COEPRIST Enfermer\u00eda Ense\u00f1anza Epidemiolog\u00eda Hospital Infantil Vacunaci\u00f3n Recursos Humanos CISMAAS Atenci\u00f3n Primaria Atenci\u00f3n Especializada [\/vc_column_text][\/vc_column][\/vc_row]<\/p>\n","protected":false},"author":1,"featured_media":0,"parent":0,"menu_order":0,"comment_status":"closed","ping_status":"closed","template":"","meta":{"footnotes":""},"class_list":["post-6095","page","type-page","status-publish","hentry"],"_links":{"self":[{"href":"https:\/\/www.saludtlax.gob.mx\/portal\/index.php\/wp-json\/wp\/v2\/pages\/6095","targetHints":{"allow":["GET"]}}],"collection":[{"href":"https:\/\/www.saludtlax.gob.mx\/portal\/index.php\/wp-json\/wp\/v2\/pages"}],"about":[{"href":"https:\/\/www.saludtlax.gob.mx\/portal\/index.php\/wp-json\/wp\/v2\/types\/page"}],"author":[{"embeddable":true,"href":"https:\/\/www.saludtlax.gob.mx\/portal\/index.php\/wp-json\/wp\/v2\/users\/1"}],"replies":[{"embeddable":true,"href":"https:\/\/www.saludtlax.gob.mx\/portal\/index.php\/wp-json\/wp\/v2\/comments?post=6095"}],"version-history":[{"count":3,"href":"https:\/\/www.saludtlax.gob.mx\/portal\/index.php\/wp-json\/wp\/v2\/pages\/6095\/revisions"}],"predecessor-version":[{"id":6099,"href":"https:\/\/www.saludtlax.gob.mx\/portal\/index.php\/wp-json\/wp\/v2\/pages\/6095\/revisions\/6099"}],"wp:attachment":[{"href":"https:\/\/www.saludtlax.gob.mx\/portal\/index.php\/wp-json\/wp\/v2\/media?parent=6095"}],"curies":[{"name":"wp","href":"https:\/\/api.w.org\/{rel}","templated":true}]}}