{"id":5772,"date":"2023-04-10T16:39:50","date_gmt":"2023-04-10T16:39:50","guid":{"rendered":"https:\/\/www.saludtlax.gob.mx\/portal\/?page_id=5772"},"modified":"2023-04-10T17:51:54","modified_gmt":"2023-04-10T17:51:54","slug":"hechos-vitales","status":"publish","type":"page","link":"https:\/\/www.saludtlax.gob.mx\/portal\/index.php\/hechos-vitales\/","title":{"rendered":"Hechos Vitales"},"content":{"rendered":"<section class=\"wpb-content-wrapper\"><p>[vc_row][vc_column]<h3 class=\"box-header\">Boletines de Hechos Vitales<\/h3>[vc_column_text]Este es un bolet\u00edn electr\u00f3nico que se genera mensualmente a partir de los datos de las Defunciones, este documento contiene informaci\u00f3n de las defunciones por grupo de edad, derechohabiencia, as\u00ed como de diferentes programas como IRAS, EDAS, zoonosis, tuberculosis, VIH\/Sida, accidentes, defunciones maternas, defunciones fetales, entre otras.[\/vc_column_text]<ul class=\"items-list clearfix\"><\/p>\n<table border=\"0\" width=\"400\" cellspacing=\"0\" cellpadding=\"0\" align=\"center\">\n<tbody>\n<tr>\n<td><strong>2022<\/strong><\/td>\n<td><\/td>\n<td><\/td>\n<\/tr>\n<tr>\n<td><a href=\"https:\/\/intranet.saludtlax.gob.mx\/documentos\/hechosvitales\/bol-ene-2022.pdf\" target=\"_blank\" rel=\"noopener noreferrer\">Enero<\/a><\/td>\n<td><a href=\"https:\/\/intranet.saludtlax.gob.mx\/documentos\/hechosvitales\/bol-feb-2022.pdf\" target=\"_blank\" rel=\"noopener noreferrer\">Febrero<\/a><\/td>\n<td><a href=\"https:\/\/intranet.saludtlax.gob.mx\/documentos\/hechosvitales\/bol-mar-2022.pdf\" target=\"_blank\" rel=\"noopener noreferrer\">Marzo<\/a><\/td>\n<\/tr>\n<tr>\n<td><a href=\"https:\/\/intranet.saludtlax.gob.mx\/documentos\/hechosvitales\/bol-abr-2022.pdf\" target=\"_blank\" rel=\"noopener noreferrer\">Abril<\/a><\/td>\n<td><a href=\"https:\/\/intranet.saludtlax.gob.mx\/documentos\/hechosvitales\/bol-may-2022.pdf\" target=\"_blank\" rel=\"noopener noreferrer\">Mayo<\/a><\/td>\n<td><a href=\"https:\/\/intranet.saludtlax.gob.mx\/documentos\/hechosvitales\/bol-jun-2022.pdf\" target=\"_blank\" rel=\"noopener noreferrer\">Junio<\/a><\/td>\n<\/tr>\n<tr>\n<td><a href=\"https:\/\/intranet.saludtlax.gob.mx\/documentos\/hechosvitales\/bol-jul-2022.pdf\" target=\"_blank\" rel=\"noopener noreferrer\">Julio<\/a><\/td>\n<td><a href=\"https:\/\/intranet.saludtlax.gob.mx\/documentos\/hechosvitales\/bol-ago-2022.pdf\" target=\"_blank\" rel=\"noopener noreferrer\">Agosto<\/a><\/td>\n<td><a href=\"https:\/\/intranet.saludtlax.gob.mx\/documentos\/hechosvitales\/bol-sep-2022.pdf\" target=\"_blank\" rel=\"noopener noreferrer\">Septiembre<\/a><\/td>\n<\/tr>\n<tr>\n<td><a href=\"https:\/\/intranet.saludtlax.gob.mx\/documentos\/hechosvitales\/bol-oct-2022.pdf\" target=\"_blank\" rel=\"noopener noreferrer\">Octubre<\/a><\/td>\n<td><a href=\"https:\/\/intranet.saludtlax.gob.mx\/documentos\/hechosvitales\/bol-nov-2022.pdf\" target=\"_blank\" rel=\"noopener noreferrer\">Noviembre<\/a><\/td>\n<td><a href=\"https:\/\/intranet.saludtlax.gob.mx\/documentos\/hechosvitales\/bol-dic-2022.pdf\" target=\"_blank\" rel=\"noopener noreferrer\">Diciembre<\/a><\/td>\n<\/tr>\n<tr>\n<td><\/td>\n<td><\/td>\n<td><\/td>\n<\/tr>\n<\/tbody>\n<\/table>\n<p>&nbsp;<\/p>\n<table border=\"0\" width=\"400\" cellspacing=\"0\" cellpadding=\"0\" align=\"center\">\n<tbody>\n<tr>\n<td><strong>2021<\/strong><\/td>\n<td><\/td>\n<td><\/td>\n<\/tr>\n<tr>\n<td><a href=\"https:\/\/intranet.saludtlax.gob.mx\/documentos\/hechosvitales\/bol-ene-2021.pdf\" target=\"_blank\" rel=\"noopener noreferrer\">Enero<\/a><\/td>\n<td><a href=\"https:\/\/intranet.saludtlax.gob.mx\/documentos\/hechosvitales\/bol-feb-2021.pdf\" target=\"_blank\" rel=\"noopener noreferrer\">Febrero<\/a><\/td>\n<td><a href=\"https:\/\/intranet.saludtlax.gob.mx\/documentos\/hechosvitales\/bol-mzo-2021.pdf\" target=\"_blank\" rel=\"noopener noreferrer\">Marzo<\/a><\/td>\n<\/tr>\n<tr>\n<td><a href=\"https:\/\/intranet.saludtlax.gob.mx\/documentos\/hechosvitales\/bol-abr-2021.pdf\" target=\"_blank\" rel=\"noopener noreferrer\">Abril<\/a><\/td>\n<td><a href=\"https:\/\/intranet.saludtlax.gob.mx\/documentos\/hechosvitales\/bol-may-2021.pdf\" target=\"_blank\" rel=\"noopener noreferrer\">Mayo<\/a><\/td>\n<td><a href=\"https:\/\/intranet.saludtlax.gob.mx\/documentos\/hechosvitales\/bol-jun-2021.pdf\" target=\"_blank\" rel=\"noopener noreferrer\">Junio<\/a><\/td>\n<\/tr>\n<tr>\n<td><a href=\"https:\/\/intranet.saludtlax.gob.mx\/documentos\/hechosvitales\/bol-jul-2021.pdf\" target=\"_blank\" rel=\"noopener noreferrer\">Julio<\/a><\/td>\n<td><a href=\"https:\/\/intranet.saludtlax.gob.mx\/documentos\/hechosvitales\/bol-ago-2021.pdf\" target=\"_blank\" rel=\"noopener noreferrer\">Agosto<\/a><\/td>\n<td><a href=\"https:\/\/intranet.saludtlax.gob.mx\/documentos\/hechosvitales\/bol-sep-2021.pdf\" target=\"_blank\" rel=\"noopener noreferrer\">Septiembre<\/a><\/td>\n<\/tr>\n<tr>\n<td><a href=\"https:\/\/intranet.saludtlax.gob.mx\/documentos\/hechosvitales\/bol-oct-2021.pdf\" target=\"_blank\" rel=\"noopener noreferrer\">Octubre<\/a><\/td>\n<td><a href=\"https:\/\/intranet.saludtlax.gob.mx\/documentos\/hechosvitales\/bol-nov.2021.pdf\" target=\"_blank\" rel=\"noopener noreferrer\">Noviembre<\/a><\/td>\n<td><a href=\"https:\/\/intranet.saludtlax.gob.mx\/documentos\/hechosvitales\/bol-dic-21.pdf\" target=\"_blank\" rel=\"noopener noreferrer\">Diciembre<\/a><\/td>\n<\/tr>\n<tr>\n<td><\/td>\n<td><\/td>\n<td><\/td>\n<\/tr>\n<\/tbody>\n<\/table>\n<p>&nbsp;<\/p>\n<table border=\"0\" width=\"400\" cellspacing=\"0\" cellpadding=\"0\" align=\"center\">\n<tbody>\n<tr>\n<td><strong>2020<\/strong><\/td>\n<td><\/td>\n<td><\/td>\n<\/tr>\n<tr>\n<td><a href=\"https:\/\/intranet.saludtlax.gob.mx\/documentos\/hechosvitales\/bol-ene-2020.pdf\" target=\"_blank\" rel=\"noopener noreferrer\">Enero<\/a><\/td>\n<td><a href=\"https:\/\/intranet.saludtlax.gob.mx\/documentos\/hechosvitales\/bol-feb-2020.pdf\" target=\"_blank\" rel=\"noopener noreferrer\">Febrero<\/a><\/td>\n<td><a href=\"https:\/\/intranet.saludtlax.gob.mx\/documentos\/hechosvitales\/bol-mar-2020.pdf\" target=\"_blank\" rel=\"noopener noreferrer\">Marzo<\/a><\/td>\n<\/tr>\n<tr>\n<td><a href=\"https:\/\/intranet.saludtlax.gob.mx\/documentos\/hechosvitales\/bol-abr-2020.pdf\" target=\"_blank\" rel=\"noopener noreferrer\">Abril<\/a><\/td>\n<td><a href=\"https:\/\/intranet.saludtlax.gob.mx\/documentos\/hechosvitales\/bol-may-2020.pdf\" target=\"_blank\" rel=\"noopener noreferrer\">Mayo<\/a><\/td>\n<td><a href=\"https:\/\/intranet.saludtlax.gob.mx\/documentos\/hechosvitales\/bol-jun-2020.pdf\" target=\"_blank\" rel=\"noopener noreferrer\">Junio<\/a><\/td>\n<\/tr>\n<tr>\n<td><a href=\"https:\/\/intranet.saludtlax.gob.mx\/documentos\/hechosvitales\/bol-jul-2020.pdf\" target=\"_blank\" rel=\"noopener noreferrer\">Julio<\/a><\/td>\n<td><a href=\"https:\/\/intranet.saludtlax.gob.mx\/documentos\/hechosvitales\/bol-ago-2020.pdf\" target=\"_blank\" rel=\"noopener noreferrer\">Agosto<\/a><\/td>\n<td><a href=\"https:\/\/intranet.saludtlax.gob.mx\/documentos\/hechosvitales\/bol-sep-2020.pdf\" target=\"_blank\" rel=\"noopener noreferrer\">Septiembre<\/a><\/td>\n<\/tr>\n<tr>\n<td><a href=\"https:\/\/intranet.saludtlax.gob.mx\/documentos\/hechosvitales\/bol-oct-2020.pdf\" target=\"_blank\" rel=\"noopener noreferrer\">Octubre<\/a><\/td>\n<td><a href=\"https:\/\/intranet.saludtlax.gob.mx\/documentos\/hechosvitales\/bol-nov-2020.pdf\" target=\"_blank\" rel=\"noopener noreferrer\">Noviembre<\/a><\/td>\n<td><a href=\"https:\/\/intranet.saludtlax.gob.mx\/documentos\/hechosvitales\/bol-dic-2020.pdf\" target=\"_blank\" rel=\"noopener noreferrer\">Diciembre<\/a><\/td>\n<\/tr>\n<tr>\n<td><\/td>\n<td><\/td>\n<td><\/td>\n<\/tr>\n<\/tbody>\n<\/table>\n<p>&nbsp;<\/p>\n<table border=\"0\" width=\"400\" cellspacing=\"0\" cellpadding=\"0\" align=\"center\">\n<tbody>\n<tr>\n<td><strong>2019<\/strong><\/td>\n<td><\/td>\n<td><\/td>\n<\/tr>\n<tr>\n<td><a href=\"https:\/\/intranet.saludtlax.gob.mx\/documentos\/hechosvitales\/bol-ene-2019.pdf\" target=\"_blank\" rel=\"noopener noreferrer\">Enero<\/a><\/td>\n<td><a href=\"https:\/\/intranet.saludtlax.gob.mx\/documentos\/hechosvitales\/bol-feb-2019.pdf\" target=\"_blank\" rel=\"noopener noreferrer\">Febrero<\/a><\/td>\n<td><a href=\"https:\/\/intranet.saludtlax.gob.mx\/documentos\/hechosvitales\/bol-mar-2019.pdf\" target=\"_blank\" rel=\"noopener noreferrer\">Marzo<\/a><\/td>\n<\/tr>\n<tr>\n<td><a href=\"https:\/\/intranet.saludtlax.gob.mx\/documentos\/hechosvitales\/bol-abr-2019.pdf\" target=\"_blank\" rel=\"noopener noreferrer\">Abril<\/a><\/td>\n<td><a href=\"https:\/\/intranet.saludtlax.gob.mx\/documentos\/hechosvitales\/bol-may-19.pdf\" target=\"_blank\" rel=\"noopener noreferrer\">Mayo<\/a><\/td>\n<td><a href=\"https:\/\/intranet.saludtlax.gob.mx\/documentos\/hechosvitales\/bol-jun-19.pdf\" target=\"_blank\" rel=\"noopener noreferrer\">Junio<\/a><\/td>\n<\/tr>\n<tr>\n<td><a href=\"https:\/\/intranet.saludtlax.gob.mx\/documentos\/hechosvitales\/bol-jul-19.pdf\" target=\"_blank\" rel=\"noopener noreferrer\">Julio<\/a><\/td>\n<td><a href=\"https:\/\/intranet.saludtlax.gob.mx\/documentos\/hechosvitales\/bol-ago-19.pdf\" target=\"_blank\" rel=\"noopener noreferrer\">Agosto<\/a><\/td>\n<td><a href=\"https:\/\/intranet.saludtlax.gob.mx\/documentos\/hechosvitales\/bol-sep-19.pdf\" target=\"_blank\" rel=\"noopener noreferrer\">Septiembre<\/a><\/td>\n<\/tr>\n<tr>\n<td><a href=\"https:\/\/intranet.saludtlax.gob.mx\/documentos\/hechosvitales\/bol-oct-19.pdf\" target=\"_blank\" rel=\"noopener noreferrer\">Octubre<\/a><\/td>\n<td><a href=\"https:\/\/intranet.saludtlax.gob.mx\/documentos\/hechosvitales\/bol-nov-19.pdf\" target=\"_blank\" rel=\"noopener noreferrer\">Noviembre<\/a><\/td>\n<td><a href=\"https:\/\/intranet.saludtlax.gob.mx\/documentos\/hechosvitales\/bol-dic-2019.pdf\" target=\"_blank\" rel=\"noopener noreferrer\">Diciembre<\/a><\/td>\n<\/tr>\n<tr>\n<td><\/td>\n<td><\/td>\n<td><\/td>\n<\/tr>\n<\/tbody>\n<\/table>\n<p>&nbsp;<\/p>\n<table border=\"0\" width=\"400\" cellspacing=\"0\" cellpadding=\"0\" align=\"center\">\n<tbody>\n<tr>\n<td><strong>2018<\/strong><\/td>\n<td><\/td>\n<td><\/td>\n<\/tr>\n<tr>\n<td><a href=\"https:\/\/intranet.saludtlax.gob.mx\/documentos\/hechosvitales\/bol-ene-2018.pdf\" target=\"_blank\" rel=\"noopener noreferrer\">Enero<\/a><\/td>\n<td><a href=\"https:\/\/intranet.saludtlax.gob.mx\/documentos\/hechosvitales\/bol-feb-2018.pdf\" target=\"_blank\" rel=\"noopener noreferrer\">Febrero<\/a><\/td>\n<td><a href=\"https:\/\/intranet.saludtlax.gob.mx\/documentos\/hechosvitales\/bol-mar-2018.pdf\" target=\"_blank\" rel=\"noopener noreferrer\">Marzo<\/a><\/td>\n<\/tr>\n<tr>\n<td><a href=\"https:\/\/intranet.saludtlax.gob.mx\/documentos\/hechosvitales\/bol-abr-2018.pdf\" target=\"_blank\" rel=\"noopener noreferrer\">Abril<\/a><\/td>\n<td><a href=\"https:\/\/intranet.saludtlax.gob.mx\/documentos\/hechosvitales\/bol-may-2018.pdf\" target=\"_blank\" rel=\"noopener noreferrer\">Mayo<\/a><\/td>\n<td><a href=\"https:\/\/intranet.saludtlax.gob.mx\/documentos\/hechosvitales\/bol-jun-2018.pdf\" target=\"_blank\" rel=\"noopener noreferrer\">Junio<\/a><\/td>\n<\/tr>\n<tr>\n<td><a href=\"https:\/\/intranet.saludtlax.gob.mx\/documentos\/hechosvitales\/Bol-jul-2018.pdf\" target=\"_blank\" rel=\"noopener noreferrer\">Julio<\/a><\/td>\n<td><a href=\"https:\/\/intranet.saludtlax.gob.mx\/documentos\/hechosvitales\/Bol-ago-2018.pdf\" target=\"_blank\" rel=\"noopener noreferrer\">Agosto<\/a><\/td>\n<td><\/td>\n<\/tr>\n<tr>\n<td><\/td>\n<td><\/td>\n<td><\/td>\n<\/tr>\n<tr>\n<td><\/td>\n<td><\/td>\n<td><\/td>\n<\/tr>\n<\/tbody>\n<\/table>\n<p>&nbsp;<\/p>\n<table border=\"0\" width=\"400\" cellspacing=\"0\" cellpadding=\"0\" align=\"center\">\n<tbody>\n<tr>\n<td><strong>2017<\/strong><\/td>\n<td><\/td>\n<td><\/td>\n<\/tr>\n<tr>\n<td>\n<div><a href=\"https:\/\/intranet.saludtlax.gob.mx\/documentos\/hechosvitales\/bol-ene-17.pdf\" target=\"_blank\" rel=\"noopener noreferrer\">Enero<\/a><\/div>\n<\/td>\n<td><a href=\"https:\/\/intranet.saludtlax.gob.mx\/documentos\/hechosvitales\/bol-feb-17.pdf\" target=\"_blank\" rel=\"noopener noreferrer\">Febrero<\/a><\/td>\n<td><a href=\"https:\/\/intranet.saludtlax.gob.mx\/documentos\/hechosvitales\/bol-mar-17.pdf\" target=\"_blank\" rel=\"noopener noreferrer\">Marzo<\/a><\/td>\n<\/tr>\n<tr>\n<td>\n<div><a href=\"https:\/\/intranet.saludtlax.gob.mx\/documentos\/hechosvitales\/bol-abr-17.pdf\" target=\"_blank\" rel=\"noopener noreferrer\">Abril<\/a><\/div>\n<\/td>\n<td><a href=\"https:\/\/intranet.saludtlax.gob.mx\/documentos\/hechosvitales\/bol-may-17.pdf\" target=\"_blank\" rel=\"noopener noreferrer\">Mayo<\/a><\/td>\n<td><a href=\"https:\/\/intranet.saludtlax.gob.mx\/documentos\/hechosvitales\/bol-jun-17.pdf\" target=\"_blank\" rel=\"noopener noreferrer\">Junio<\/a><\/td>\n<\/tr>\n<tr>\n<td>\n<div><a href=\"https:\/\/intranet.saludtlax.gob.mx\/documentos\/hechosvitales\/bol-jul-2017.pdf\" target=\"_blank\" rel=\"noopener noreferrer\">Julio<\/a><\/div>\n<\/td>\n<td><a href=\"https:\/\/intranet.saludtlax.gob.mx\/documentos\/hechosvitales\/bol-agos-2017.pdf\" target=\"_blank\" rel=\"noopener noreferrer\">Agosto<\/a><\/td>\n<td><a href=\"https:\/\/intranet.saludtlax.gob.mx\/documentos\/hechosvitales\/bol-sep-2017.pdf\" target=\"_blank\" rel=\"noopener noreferrer\">Septiembre<\/a><\/td>\n<\/tr>\n<tr>\n<td><a href=\"https:\/\/intranet.saludtlax.gob.mx\/documentos\/hechosvitales\/bol-oct-2017.pdf\" target=\"_blank\" rel=\"noopener noreferrer\">Octubre<\/a><\/td>\n<td><a href=\"https:\/\/intranet.saludtlax.gob.mx\/documentos\/hechosvitales\/bol-nov-2017.pdf\" target=\"_blank\" rel=\"noopener noreferrer\">Noviembre<\/a><\/td>\n<td><a href=\"https:\/\/intranet.saludtlax.gob.mx\/documentos\/hechosvitales\/bol-dic-2017.pdf\" target=\"_blank\" rel=\"noopener noreferrer\">Diciembre<\/a><\/td>\n<\/tr>\n<tr>\n<td><\/td>\n<td><\/td>\n<td><\/td>\n<\/tr>\n<\/tbody>\n<\/table>\n<table border=\"0\" width=\"400\" cellspacing=\"0\" cellpadding=\"0\" align=\"center\">\n<tbody>\n<tr>\n<td><strong>2016<\/strong><\/td>\n<td><\/td>\n<td><\/td>\n<\/tr>\n<tr>\n<td>\n<div><a href=\"https:\/\/intranet.saludtlax.gob.mx\/documentos\/hechosvitales\/bol-ene-16.pdf\" target=\"_blank\" rel=\"noopener noreferrer\">Enero<\/a><\/div>\n<\/td>\n<td><a href=\"https:\/\/intranet.saludtlax.gob.mx\/documentos\/hechosvitales\/bol-feb-16.pdf\" target=\"_blank\" rel=\"noopener noreferrer\">Febrero<\/a><\/td>\n<td><a href=\"https:\/\/intranet.saludtlax.gob.mx\/documentos\/hechosvitales\/bol-mar-16.pdf\" target=\"_blank\" rel=\"noopener noreferrer\">Marzo<\/a><\/td>\n<\/tr>\n<tr>\n<td><a href=\"https:\/\/intranet.saludtlax.gob.mx\/documentos\/hechosvitales\/bol-abr-16.pdf\" target=\"_blank\" rel=\"noopener noreferrer\">Abril<\/a><\/td>\n<td><a href=\"https:\/\/intranet.saludtlax.gob.mx\/documentos\/hechosvitales\/bol-may-16.pdf\" target=\"_blank\" rel=\"noopener noreferrer\">Mayo<\/a><\/td>\n<td><a href=\"https:\/\/intranet.saludtlax.gob.mx\/documentos\/hechosvitales\/bol-jun-16.pdf\">Junio<\/a><\/td>\n<\/tr>\n<tr>\n<td><a href=\"https:\/\/intranet.saludtlax.gob.mx\/documentos\/hechosvitales\/bol-jul-16.pdf\" target=\"_blank\" rel=\"noopener noreferrer\">Julio<\/a><\/td>\n<td><a href=\"https:\/\/intranet.saludtlax.gob.mx\/documentos\/hechosvitales\/bol-ago-16.pdf\" target=\"_blank\" rel=\"noopener noreferrer\">Agosto<\/a><\/td>\n<td><a href=\"https:\/\/intranet.saludtlax.gob.mx\/documentos\/hechosvitales\/bol-sep-16.pdf\" target=\"_blank\" rel=\"noopener noreferrer\">Septiembre<\/a><\/td>\n<\/tr>\n<tr>\n<td><a href=\"https:\/\/intranet.saludtlax.gob.mx\/documentos\/hechosvitales\/bol-oct-16.pdf\" target=\"_blank\" rel=\"noopener noreferrer\">Octubre<\/a><\/td>\n<td><a href=\"https:\/\/intranet.saludtlax.gob.mx\/documentos\/hechosvitales\/bol-nov-16.pdf\" target=\"_blank\" rel=\"noopener noreferrer\">Noviembre<\/a><\/td>\n<td><a href=\"https:\/\/intranet.saludtlax.gob.mx\/documentos\/hechosvitales\/bol-dic-16.pdf\" target=\"_blank\" rel=\"noopener noreferrer\">Diciembre<\/a><\/td>\n<\/tr>\n<\/tbody>\n<\/table>\n<table border=\"0\" width=\"400\" cellspacing=\"0\" cellpadding=\"0\" align=\"center\">\n<tbody>\n<tr>\n<td><strong>2015<\/strong><\/td>\n<td><\/td>\n<td><\/td>\n<\/tr>\n<tr>\n<td>\n<div><a href=\"https:\/\/intranet.saludtlax.gob.mx\/documentos\/hechosvitales\/bol-ene-15.pdf\" target=\"_blank\" rel=\"noopener noreferrer\">Enero<\/a><\/div>\n<\/td>\n<td><a href=\"https:\/\/intranet.saludtlax.gob.mx\/documentos\/hechosvitales\/bol-feb-15.pdf\" target=\"_blank\" rel=\"noopener noreferrer\">Febrero<\/a><\/td>\n<td><a href=\"https:\/\/intranet.saludtlax.gob.mx\/documentos\/hechosvitales\/bol-mar-15.pdf\" target=\"_blank\" rel=\"noopener noreferrer\">Marzo<\/a><\/td>\n<\/tr>\n<tr>\n<td><a href=\"https:\/\/intranet.saludtlax.gob.mx\/documentos\/hechosvitales\/bol-abr-15.pdf\" target=\"_blank\" rel=\"noopener noreferrer\">Abril<\/a><\/td>\n<td><a href=\"https:\/\/intranet.saludtlax.gob.mx\/documentos\/hechosvitales\/bol-may-15.pdf\" target=\"_blank\" rel=\"noopener noreferrer\">Mayo<\/a><\/td>\n<td><a href=\"https:\/\/intranet.saludtlax.gob.mx\/documentos\/hechosvitales\/bol-jun-15.pdf\" target=\"_blank\" rel=\"noopener noreferrer\">Junio<\/a><\/td>\n<\/tr>\n<tr>\n<td><a href=\"https:\/\/intranet.saludtlax.gob.mx\/documentos\/hechosvitales\/bol-jul-2015.pdf\" target=\"_blank\" rel=\"noopener noreferrer\">Julio<\/a><\/td>\n<td><a href=\"https:\/\/intranet.saludtlax.gob.mx\/documentos\/hechosvitales\/bol-ago-2015.pdf\" target=\"_blank\" rel=\"noopener noreferrer\">Agosto<\/a><\/td>\n<td><a href=\"https:\/\/intranet.saludtlax.gob.mx\/documentos\/hechosvitales\/bol-sep-2015.pdf\" target=\"_blank\" rel=\"noopener noreferrer\">Septiembre<\/a><\/td>\n<\/tr>\n<tr>\n<td><a href=\"https:\/\/intranet.saludtlax.gob.mx\/documentos\/hechosvitales\/bol-oct-2015.pdf\" target=\"_blank\" rel=\"noopener noreferrer\">Octubre<\/a><\/td>\n<td><a href=\"https:\/\/intranet.saludtlax.gob.mx\/documentos\/hechosvitales\/bol-nov-2015.pdf\" target=\"_blank\" rel=\"noopener noreferrer\">Noviembre<\/a><\/td>\n<td><a href=\"https:\/\/intranet.saludtlax.gob.mx\/documentos\/hechosvitales\/bol-dic-2015.pdf\" target=\"_blank\" rel=\"noopener noreferrer\">Diciembre<\/a><\/td>\n<\/tr>\n<\/tbody>\n<\/table>\n<p>&nbsp;<\/p>\n<table border=\"0\" width=\"400\" cellspacing=\"0\" cellpadding=\"0\" align=\"center\">\n<tbody>\n<tr>\n<td><strong>2014<\/strong><\/td>\n<td><\/td>\n<td><\/td>\n<\/tr>\n<tr>\n<td>\n<div><a href=\"https:\/\/intranet.saludtlax.gob.mx\/documentos\/hechosvitales\/bol-ene-14.pdf\" target=\"_blank\" rel=\"noopener noreferrer\">Enero<\/a><\/div>\n<\/td>\n<td><a href=\"https:\/\/intranet.saludtlax.gob.mx\/documentos\/hechosvitales\/bol-feb-14.pdf\" target=\"_blank\" rel=\"noopener noreferrer\">Febrero<\/a><\/td>\n<td><a href=\"https:\/\/intranet.saludtlax.gob.mx\/documentos\/hechosvitales\/bol-mar-14.pdf\" target=\"_blank\" rel=\"noopener noreferrer\">Marzo<\/a><\/td>\n<\/tr>\n<tr>\n<td><a href=\"https:\/\/intranet.saludtlax.gob.mx\/documentos\/hechosvitales\/bol-abr-14.pdf\" target=\"_blank\" rel=\"noopener noreferrer\">Abril<\/a><\/td>\n<td><a href=\"https:\/\/intranet.saludtlax.gob.mx\/documentos\/hechosvitales\/bol-may-14.pdf\" target=\"_blank\" rel=\"noopener noreferrer\">Mayo<\/a><\/td>\n<td><a href=\"https:\/\/intranet.saludtlax.gob.mx\/documentos\/hechosvitales\/bol-jun-14.pdf\" target=\"_blank\" rel=\"noopener noreferrer\">Junio<\/a><\/td>\n<\/tr>\n<tr>\n<td><a href=\"https:\/\/intranet.saludtlax.gob.mx\/documentos\/hechosvitales\/bol-jul-14.pdf\" target=\"_blank\" rel=\"noopener noreferrer\">Julio<\/a><\/td>\n<td><a href=\"https:\/\/intranet.saludtlax.gob.mx\/documentos\/hechosvitales\/bol-ago-14.pdf\" target=\"_blank\" rel=\"noopener noreferrer\">Agosto<\/a><\/td>\n<td><a href=\"https:\/\/intranet.saludtlax.gob.mx\/documentos\/hechosvitales\/bol-sep-14.pdf\" target=\"_blank\" rel=\"noopener noreferrer\">Septiembre<\/a><\/td>\n<\/tr>\n<tr>\n<td><a href=\"https:\/\/intranet.saludtlax.gob.mx\/documentos\/hechosvitales\/bol-oct-14.pdf\" target=\"_blank\" rel=\"noopener noreferrer\">Octubre<\/a><\/td>\n<td><a href=\"https:\/\/intranet.saludtlax.gob.mx\/documentos\/hechosvitales\/bol-nov-14.pdf\" target=\"_blank\" rel=\"noopener noreferrer\">Noviembre<\/a><\/td>\n<td><a href=\"https:\/\/intranet.saludtlax.gob.mx\/documentos\/hechosvitales\/bol-dic-14.pdf\">Diciembre<\/a><\/td>\n<\/tr>\n<\/tbody>\n<\/table>\n<p><\/ul>[\/vc_column][\/vc_row]<\/p>\n<\/section>","protected":false},"excerpt":{"rendered":"<p>[vc_row][vc_column][vc_column_text]Este es un bolet\u00edn electr\u00f3nico que se genera mensualmente a partir de los datos de las Defunciones, este documento contiene informaci\u00f3n de las defunciones por grupo de edad, derechohabiencia, as\u00ed como de diferentes programas como IRAS, EDAS, zoonosis, tuberculosis, VIH\/Sida, accidentes, defunciones maternas, defunciones fetales, entre otras.[\/vc_column_text][\/vc_column][\/vc_row]<\/p>\n","protected":false},"author":1,"featured_media":0,"parent":0,"menu_order":0,"comment_status":"closed","ping_status":"closed","template":"","meta":{"footnotes":""},"class_list":["post-5772","page","type-page","status-publish","hentry"],"_links":{"self":[{"href":"https:\/\/www.saludtlax.gob.mx\/portal\/index.php\/wp-json\/wp\/v2\/pages\/5772","targetHints":{"allow":["GET"]}}],"collection":[{"href":"https:\/\/www.saludtlax.gob.mx\/portal\/index.php\/wp-json\/wp\/v2\/pages"}],"about":[{"href":"https:\/\/www.saludtlax.gob.mx\/portal\/index.php\/wp-json\/wp\/v2\/types\/page"}],"author":[{"embeddable":true,"href":"https:\/\/www.saludtlax.gob.mx\/portal\/index.php\/wp-json\/wp\/v2\/users\/1"}],"replies":[{"embeddable":true,"href":"https:\/\/www.saludtlax.gob.mx\/portal\/index.php\/wp-json\/wp\/v2\/comments?post=5772"}],"version-history":[{"count":4,"href":"https:\/\/www.saludtlax.gob.mx\/portal\/index.php\/wp-json\/wp\/v2\/pages\/5772\/revisions"}],"predecessor-version":[{"id":5777,"href":"https:\/\/www.saludtlax.gob.mx\/portal\/index.php\/wp-json\/wp\/v2\/pages\/5772\/revisions\/5777"}],"wp:attachment":[{"href":"https:\/\/www.saludtlax.gob.mx\/portal\/index.php\/wp-json\/wp\/v2\/media?parent=5772"}],"curies":[{"name":"wp","href":"https:\/\/api.w.org\/{rel}","templated":true}]}}