{"id":5762,"date":"2023-03-24T17:26:13","date_gmt":"2023-03-24T17:26:13","guid":{"rendered":"https:\/\/www.saludtlax.gob.mx\/portal\/?page_id=5762"},"modified":"2023-05-02T00:33:43","modified_gmt":"2023-05-02T00:33:43","slug":"sistemas-informacion-en-salud","status":"publish","type":"page","link":"https:\/\/www.saludtlax.gob.mx\/portal\/index.php\/sistemas-informacion-en-salud\/","title":{"rendered":"Informaci\u00f3n en Salud"},"content":{"rendered":"<section class=\"wpb-content-wrapper\"><p>[vc_row][vc_column][vc_column_text]Este material es de acceso p\u00fablico para todas las personas que requieren de alg\u00fan dato relacionado a la salud tales como el Sistema Estad\u00edstico Integral de Servicios de Salud (SEISS), Sistema de Informaci\u00f3n en Salud (SIS), Hechos Vitales, Datos Hospitalarios, etc.<\/p>\n<p>&nbsp;<\/p>\n<ul>\n<li><a href=\"http:\/\/aplicaciones.saludtlax.gob.mx\/sigest\/\">Sistema Estad\u00edstico Integral de Servicios de Salud (SEISS)<\/a><\/li>\n<li><a href=\"https:\/\/www.saludtlax.gob.mx\/portal\/index.php\/hechos-vitales\">Hechos Vitales<\/a><\/li>\n<li><a href=\"https:\/\/www.saludtlax.gob.mx\/portal\/index.php\/datos-hospitalarios\/\">Datos Hospitalarios<\/a><\/li>\n<li><a href=\"https:\/\/www.saludtlax.gob.mx\/portal\/index.php\/datos-urgencias\">Urgencias<\/a><\/li>\n<li><a href=\"https:\/\/www.saludtlax.gob.mx\/portal\/index.php\/boletin-epidemiologico\">Bolet\u00edn Epidemiol\u00f3gico<\/a><\/li>\n<li><a href=\"https:\/\/intranet.saludtlax.gob.mx\/index.php\/maccesolibre01\/mpobla01\">Poblaci\u00f3n<\/a><\/li>\n<li><a href=\"https:\/\/intranet.saludtlax.gob.mx\/index.php\/maccesolibre01\/mbolnacimi01\">Bolet\u00edn de Nacimientos<\/a><\/li>\n<li><a href=\"https:\/\/intranet.saludtlax.gob.mx\/index.php\/maccesolibre01\/mrecmat01\">Unidades M\u00e9dicas<\/a><\/li>\n<li><a href=\"https:\/\/intranet.saludtlax.gob.mx\/index.php\/maccesolibre01\/mbolinforsalmun01\">Bolet\u00edn de Informaci\u00f3n en Salud Municipal<\/a><\/li>\n<li><a href=\"https:\/\/www.saludtlax.gob.mx\/portal\/index.php\/formatos-inegi-2023\/\">Formatos INEGI 2023<\/a><\/li>\n<li><a href=\"https:\/\/www.saludtlax.gob.mx\/portal\/index.php\/formatos-sis-2023\">Formatos SIS<\/a><\/li>\n<li><a href=\"https:\/\/www.saludtlax.gob.mx\/portal\/index.php\/manuales-de-los-sistemas-de-informacion\/\">Manuales de los Sistemas de Informaci\u00f3n<\/a><\/li>\n<li><a title=\"Indicadores Sociodemogr\u00e1ficos 1990-2018\" href=\"https:\/\/intranet.saludtlax.gob.mx\/index.php\/maccesolibre01\/mindicasocio\">Indicadores Sociodemogr\u00e1ficos\u00a01990 &#8211; 2018<\/a><\/li>\n<li><a title=\"Indicadores Sociodemogr\u00e1ficos 20210-2030\" href=\"https:\/\/intranet.saludtlax.gob.mx\/documentos\/IndicaSociodem2010_2030\/indicadores_demograficos_2010_2030.xlsx\" target=\"_blank\" rel=\"noopener noreferrer\">Indicadores Sociodemogr\u00e1ficos 2010 &#8211; 2030<\/a><\/li>\n<li><a href=\"https:\/\/intranet.saludtlax.gob.mx\/documentos\/plan_evaluacion.pdf\" target=\"_blank\" rel=\"noopener noreferrer\">Plan de Evaluaci\u00f3n<\/a><\/li>\n<li><a href=\"https:\/\/www.saludtlax.gob.mx\/portal\/index.php\/cie10\/\">Codificaci\u00f3n de la Clasificaci\u00f3n Internacional de Enfermedades y problemas relacionados con la Salud CIE-10<\/a><\/li>\n<\/ul>\n<p>[\/vc_column_text][\/vc_column][\/vc_row]<\/p>\n<\/section>","protected":false},"excerpt":{"rendered":"<p>[vc_row][vc_column][vc_column_text]Este material es de acceso p\u00fablico para todas las personas que requieren de alg\u00fan dato relacionado a la salud tales como el Sistema Estad\u00edstico Integral de Servicios de Salud (SEISS), Sistema de Informaci\u00f3n en Salud (SIS), Hechos Vitales, Datos Hospitalarios, etc. &nbsp; Sistema Estad\u00edstico Integral de Servicios de Salud (SEISS) Hechos Vitales Datos Hospitalarios Urgencias<\/p>\n","protected":false},"author":1,"featured_media":0,"parent":0,"menu_order":0,"comment_status":"closed","ping_status":"closed","template":"","meta":{"footnotes":""},"class_list":["post-5762","page","type-page","status-publish","hentry"],"_links":{"self":[{"href":"https:\/\/www.saludtlax.gob.mx\/portal\/index.php\/wp-json\/wp\/v2\/pages\/5762","targetHints":{"allow":["GET"]}}],"collection":[{"href":"https:\/\/www.saludtlax.gob.mx\/portal\/index.php\/wp-json\/wp\/v2\/pages"}],"about":[{"href":"https:\/\/www.saludtlax.gob.mx\/portal\/index.php\/wp-json\/wp\/v2\/types\/page"}],"author":[{"embeddable":true,"href":"https:\/\/www.saludtlax.gob.mx\/portal\/index.php\/wp-json\/wp\/v2\/users\/1"}],"replies":[{"embeddable":true,"href":"https:\/\/www.saludtlax.gob.mx\/portal\/index.php\/wp-json\/wp\/v2\/comments?post=5762"}],"version-history":[{"count":17,"href":"https:\/\/www.saludtlax.gob.mx\/portal\/index.php\/wp-json\/wp\/v2\/pages\/5762\/revisions"}],"predecessor-version":[{"id":6131,"href":"https:\/\/www.saludtlax.gob.mx\/portal\/index.php\/wp-json\/wp\/v2\/pages\/5762\/revisions\/6131"}],"wp:attachment":[{"href":"https:\/\/www.saludtlax.gob.mx\/portal\/index.php\/wp-json\/wp\/v2\/media?parent=5762"}],"curies":[{"name":"wp","href":"https:\/\/api.w.org\/{rel}","templated":true}]}}