{"id":5622,"date":"2023-02-07T15:59:51","date_gmt":"2023-02-07T15:59:51","guid":{"rendered":"https:\/\/www.saludtlax.gob.mx\/portal\/?page_id=5622"},"modified":"2025-04-22T20:11:40","modified_gmt":"2025-04-22T20:11:40","slug":"calidad","status":"publish","type":"page","link":"https:\/\/www.saludtlax.gob.mx\/portal\/index.php\/calidad\/","title":{"rendered":"Calidad y Educaci\u00f3n en Salud"},"content":{"rendered":"<section class=\"wpb-content-wrapper\"><p>[vc_row][vc_column]<h3 class=\"box-header\">Rese\u00f1a<\/h3>[vc_column_text]Impulsar el desarrollo de trabajos de investigaci\u00f3n en las modalidades operativa, b\u00e1sica, epidemiol\u00f3gica y en salud p\u00fablica, con el fin de elevar los niveles de salud de la poblaci\u00f3n y la calidad en los servicios que ofrece la Secretar\u00eda de Salud del Estado.<\/p>\n<p>&nbsp;<\/p>\n<p><strong>INVESTIGACI\u00d3N Y CAPACITACI\u00d3N<\/strong><br \/>\nLa Oficina de Investigaci\u00f3n y Capacitaci\u00f3n es la encargada de supervisar y evaluar los programas de formaci\u00f3n, capacitaci\u00f3n y educaci\u00f3n continua de recursos humanos para la salud establecidos por la Secretar\u00eda de Salud de nivel federal, adem\u00e1s de identificar, atender y dar seguimiento a las necesidades de capacitaci\u00f3n, as\u00ed como elaborar el programa anual de capacitaci\u00f3n.<br \/>\nConoce todo el material que tenemos disponible: <a href=\"https:\/\/www.saludtlax.gob.mx\/portal\/index.php\/investigacion-y-capacitacion\/\">AQU\u00cd<\/a><\/p>\n<p><strong>CONTACTO<\/strong><\/p>\n<p><img loading=\"lazy\" decoding=\"async\" class=\"alignnone wp-image-6589 size-medium\" src=\"https:\/\/www.saludtlax.gob.mx\/portal\/wp-content\/uploads\/2024\/02\/SESA-VEDA-1-300x113.png\" alt=\"\" width=\"300\" height=\"113\" srcset=\"https:\/\/www.saludtlax.gob.mx\/portal\/wp-content\/uploads\/2024\/02\/SESA-VEDA-1-300x113.png 300w, https:\/\/www.saludtlax.gob.mx\/portal\/wp-content\/uploads\/2024\/02\/SESA-VEDA-1-1024x385.png 1024w, https:\/\/www.saludtlax.gob.mx\/portal\/wp-content\/uploads\/2024\/02\/SESA-VEDA-1-768x289.png 768w, https:\/\/www.saludtlax.gob.mx\/portal\/wp-content\/uploads\/2024\/02\/SESA-VEDA-1-1536x577.png 1536w, https:\/\/www.saludtlax.gob.mx\/portal\/wp-content\/uploads\/2024\/02\/SESA-VEDA-1-2048x770.png 2048w\" sizes=\"auto, (max-width: 300px) 100vw, 300px\" \/>[\/vc_column_text][\/vc_column][\/vc_row]<\/p>\n<\/section>","protected":false},"excerpt":{"rendered":"<p>[vc_row][vc_column][vc_column_text]Impulsar el desarrollo de trabajos de investigaci\u00f3n en las modalidades operativa, b\u00e1sica, epidemiol\u00f3gica y en salud p\u00fablica, con el fin de elevar los niveles de salud de la poblaci\u00f3n y la calidad en los servicios que ofrece la Secretar\u00eda de Salud del Estado. &nbsp; INVESTIGACI\u00d3N Y CAPACITACI\u00d3N La Oficina de Investigaci\u00f3n y Capacitaci\u00f3n es la<\/p>\n","protected":false},"author":1,"featured_media":0,"parent":0,"menu_order":0,"comment_status":"closed","ping_status":"closed","template":"","meta":{"footnotes":""},"class_list":["post-5622","page","type-page","status-publish","hentry"],"_links":{"self":[{"href":"https:\/\/www.saludtlax.gob.mx\/portal\/index.php\/wp-json\/wp\/v2\/pages\/5622","targetHints":{"allow":["GET"]}}],"collection":[{"href":"https:\/\/www.saludtlax.gob.mx\/portal\/index.php\/wp-json\/wp\/v2\/pages"}],"about":[{"href":"https:\/\/www.saludtlax.gob.mx\/portal\/index.php\/wp-json\/wp\/v2\/types\/page"}],"author":[{"embeddable":true,"href":"https:\/\/www.saludtlax.gob.mx\/portal\/index.php\/wp-json\/wp\/v2\/users\/1"}],"replies":[{"embeddable":true,"href":"https:\/\/www.saludtlax.gob.mx\/portal\/index.php\/wp-json\/wp\/v2\/comments?post=5622"}],"version-history":[{"count":7,"href":"https:\/\/www.saludtlax.gob.mx\/portal\/index.php\/wp-json\/wp\/v2\/pages\/5622\/revisions"}],"predecessor-version":[{"id":7335,"href":"https:\/\/www.saludtlax.gob.mx\/portal\/index.php\/wp-json\/wp\/v2\/pages\/5622\/revisions\/7335"}],"wp:attachment":[{"href":"https:\/\/www.saludtlax.gob.mx\/portal\/index.php\/wp-json\/wp\/v2\/media?parent=5622"}],"curies":[{"name":"wp","href":"https:\/\/api.w.org\/{rel}","templated":true}]}}