{"id":5618,"date":"2023-02-07T15:59:31","date_gmt":"2023-02-07T15:59:31","guid":{"rendered":"https:\/\/www.saludtlax.gob.mx\/portal\/?page_id=5618"},"modified":"2024-11-06T21:29:54","modified_gmt":"2024-11-06T21:29:54","slug":"cobiet","status":"publish","type":"page","link":"https:\/\/www.saludtlax.gob.mx\/portal\/index.php\/cobiet\/","title":{"rendered":"COBIET"},"content":{"rendered":"<section class=\"wpb-content-wrapper\"><p>[vc_section][vc_row][vc_column][vc_single_image image=\u00bb6822&#8243; img_size=\u00bbfull\u00bb alignment=\u00bbcenter\u00bb][\/vc_column][\/vc_row][\/vc_section][vc_row][vc_column][vc_empty_space height=\u00bb64px\u00bb][vc_column_text]<\/p>\n<h2>La Comisi\u00f3n de Bio\u00e9tica del Estado de Tlaxcala, se crea mediante Decreto publicado en el Diario Oficial del Peri\u00f3dico Oficial del Gobierno del Estado de Tlaxcala, el 07 de septiembre de 2012<\/h2>\n<p>[\/vc_column_text][vc_empty_space height=\u00bb64px\u00bb][vc_nested_tabs top_margin=\u00bbpage-margin-top-section\u00bb type=\u00bbtype-big\u00bb][vc_nested_tab title=\u00bbOBJETO\u00bb tab_id=\u00bb1723835360078-2-1&#8243;][vc_column_text]<\/p>\n<h2>OBJETO:<br \/>\nPromover el estudio y observancia de valores y principios \u00e9ticos para el ejercicio<br \/>\ntanto de la atenci\u00f3n m\u00e9dica como de la investigaci\u00f3n en salud y fomentar la preservaci\u00f3n<br \/>\ndel medio ambiente.<\/h2>\n<p>[\/vc_column_text][\/vc_nested_tab][vc_nested_tab title=\u00bbMISI\u00d3N\u00bb tab_id=\u00bb1723834427-1-66&#8243;][vc_column_text]<\/p>\n<h2>MISI\u00d3N:<br \/>\nPromover la cultura bio\u00e9tica en el Estado de Tlaxcala, fomentando el respeto a la<br \/>\ndignidad de las personas, la protecci\u00f3n de los animales no humanos, el cuidado del medio<br \/>\nambiente desde el sentido de responsabilidad y perspectiva de salud global.<\/h2>\n<p>[\/vc_column_text][\/vc_nested_tab][vc_nested_tab title=\u00bbVISI\u00d3N\u00bb tab_id=\u00bb1723835318972-1-2&#8243;][vc_column_text]<\/p>\n<h2>VISI\u00d3N:<br \/>\nSer una instituci\u00f3n de vanguardia impulsora del respeto a la dignidad de las<br \/>\npersonas, animales no humanos, el medio ambiente y detonante del cambio cultural desde<br \/>\nla bio\u00e9tica en la ciencia, tecnolog\u00eda, salud y sociedad en el Estado de Tlaxcala.<\/h2>\n<p>[\/vc_column_text][\/vc_nested_tab][\/vc_nested_tabs][\/vc_column][\/vc_row][vc_row][vc_column][vc_column_text]ORGANIGRAMA<\/p>\n<div class=\"_df_book df-lite\" id=\"df_6834\"  data-title=\"organigrama-cobiet\" _slug=\"6834\" wpoptions=\"true\" thumbtype=\"bg\" ><p class=\"df-raw-loading\">Please wait while flipbook is loading. For more related info, FAQs and issues please refer to <a href=\"https:\/\/wordpress.org\/plugins\/3d-flipbook-dflip-lite\/#installation\">DearFlip WordPress Flipbook Plugin Help<\/a> documentation.<\/p><\/div><script class=\"df-shortcode-script\" type=\"application\/javascript\">window.option_df_6834 = {\"outline\":[],\"forceFit\":\"true\",\"autoEnableOutline\":\"false\",\"autoEnableThumbnail\":\"false\",\"overwritePDFOutline\":\"false\",\"direction\":\"1\",\"pageSize\":\"0\",\"source\":\"https:\\\/\\\/www.saludtlax.gob.mx\\\/portal\\\/wp-content\\\/uploads\\\/2024\\\/08\\\/ORGANIGRAMA_COBIET.pdf\",\"wpOptions\":\"true\"}; if(window.DFLIP && window.DFLIP.parseBooks){window.DFLIP.parseBooks();}<\/script>[\/vc_column_text][vc_empty_space height=\u00bb64px\u00bb][vc_column_text]1ER. INFORME DE TRANSPARENCIA 2024<\/p>\n<div class=\"_df_book df-lite\" id=\"df_6837\"  data-title=\"1er-informe-de-transparencia-2024\" _slug=\"informe-transparencia\" wpoptions=\"true\" thumbtype=\"bg\" ><p class=\"df-raw-loading\">Please wait while flipbook is loading. For more related info, FAQs and issues please refer to <a href=\"https:\/\/wordpress.org\/plugins\/3d-flipbook-dflip-lite\/#installation\">DearFlip WordPress Flipbook Plugin Help<\/a> documentation.<\/p><\/div><script class=\"df-shortcode-script\" type=\"application\/javascript\">window.option_df_6837 = {\"outline\":[],\"forceFit\":\"true\",\"autoEnableOutline\":\"false\",\"autoEnableThumbnail\":\"false\",\"overwritePDFOutline\":\"false\",\"direction\":\"1\",\"pageSize\":\"0\",\"source\":\"https:\\\/\\\/www.saludtlax.gob.mx\\\/portal\\\/wp-content\\\/uploads\\\/2024\\\/08\\\/PRIMER-INFORME-TRANSPARENCIA-ENEFEBMAR-2024.pdf\",\"wpOptions\":\"true\"}; if(window.DFLIP && window.DFLIP.parseBooks){window.DFLIP.parseBooks();}<\/script>[\/vc_column_text][vc_empty_space height=\u00bb64px\u00bb][vc_column_text]2DO. INFORME DE TRANSPARENCIA 2024<\/p>\n<div class=\"_df_book df-lite\" id=\"df_6848\"  data-title=\"2do-informe-de-transparencia-2024\" _slug=\"2do-informe-de-transparencia-2024\" wpoptions=\"true\" thumbtype=\"bg\" ><p class=\"df-raw-loading\">Please wait while flipbook is loading. For more related info, FAQs and issues please refer to <a href=\"https:\/\/wordpress.org\/plugins\/3d-flipbook-dflip-lite\/#installation\">DearFlip WordPress Flipbook Plugin Help<\/a> documentation.<\/p><\/div><script class=\"df-shortcode-script\" type=\"application\/javascript\">window.option_df_6848 = {\"outline\":[],\"forceFit\":\"true\",\"autoEnableOutline\":\"false\",\"autoEnableThumbnail\":\"false\",\"overwritePDFOutline\":\"false\",\"direction\":\"1\",\"pageSize\":\"0\",\"source\":\"https:\\\/\\\/www.saludtlax.gob.mx\\\/portal\\\/wp-content\\\/uploads\\\/2024\\\/08\\\/COBIET_TRANSPARENCIA_SEGUNDO_TRIMESTRE_2024.pdf\",\"wpOptions\":\"true\"}; if(window.DFLIP && window.DFLIP.parseBooks){window.DFLIP.parseBooks();}<\/script>[\/vc_column_text][vc_empty_space height=\u00bb64px\u00bb][vc_column_text]3ER. INFORME DE TRANSPARENCIA 2024<\/p>\n<div class=\"_df_book df-lite\" id=\"df_6943\"  data-title=\"3er-informe-de-transparencia-2024\" _slug=\"3er-informe-de-transparencia-2024\" wpoptions=\"true\" thumbtype=\"bg\" ><p class=\"df-raw-loading\">Please wait while flipbook is loading. For more related info, FAQs and issues please refer to <a href=\"https:\/\/wordpress.org\/plugins\/3d-flipbook-dflip-lite\/#installation\">DearFlip WordPress Flipbook Plugin Help<\/a> documentation.<\/p><\/div><script class=\"df-shortcode-script\" type=\"application\/javascript\">window.option_df_6943 = {\"outline\":[],\"forceFit\":\"true\",\"autoEnableOutline\":\"false\",\"autoEnableThumbnail\":\"false\",\"overwritePDFOutline\":\"false\",\"direction\":\"1\",\"pageSize\":\"0\",\"source\":\"https:\\\/\\\/www.saludtlax.gob.mx\\\/portal\\\/wp-content\\\/uploads\\\/2024\\\/11\\\/TRANSPARENCIA-TERCER-INFORME.pdf\",\"wpOptions\":\"true\"}; if(window.DFLIP && window.DFLIP.parseBooks){window.DFLIP.parseBooks();}<\/script>[\/vc_column_text][\/vc_column][\/vc_row][vc_row][vc_column width=\u00bb1\/4&#8243;][vc_column_text]DIRECCI\u00d3N[\/vc_column_text]<a href=\"https:\/\/maps.app.goo.gl\/xbukqq9Vn3wUq2kY7\" target=\"_blank\" class=\"icon-single mc-icon features-address\" title=\"Direcci\u00f3n\"><\/a>[vc_column_text]Privada de Boulevard Revoluci\u00f3n n\u00famero 46, letra A.<br \/>\nSan Buenaventura Atempan,<br \/>\nTlaxcala, C.P. 90010.[\/vc_column_text][\/vc_column][vc_column width=\u00bb1\/4&#8243;][vc_column_text]TELEFONO[\/vc_column_text]<a href=\"tel:522464621724\" target=\"_blank\" class=\"icon-single mc-icon features-phone\" title=\"Direcci\u00f3n\"><\/a>[vc_column_text]Tel\u00e9fono: 246 46 2 17 24.[\/vc_column_text][\/vc_column][vc_column width=\u00bb1\/4&#8243;][vc_column_text]E-MAIL[\/vc_column_text]<a href=\"MAILTO:bioetica@saludtlax.gob.mx\" target=\"_blank\" class=\"icon-single mc-icon features-email\" title=\"Direcci\u00f3n\"><\/a>[vc_column_text]bioetica@saludtlax.gob.mx[\/vc_column_text][\/vc_column][vc_column width=\u00bb1\/4&#8243;][vc_column_text]REDES SOCIALES[\/vc_column_text]<a href=\"facebook.com\/comisiondebioeticadelestadodetlaxcala\" target=\"_blank\" class=\"icon-single mc-icon features-facebook\" title=\"Direcci\u00f3n\"><\/a>[vc_column_text]Facebook: @comisiondebioeticadelestadodetlaxcala<\/p>\n<p>Twitter: @bioeticatlx<\/p>\n<p>Instagram: @cobietlax<\/p>\n<p>YouTube: Comisi\u00f3n de Bio\u00e9tica del Estado de Tlaxcala COBIET[\/vc_column_text][\/vc_column][\/vc_row]<\/p>\n<\/section>","protected":false},"excerpt":{"rendered":"<p>[vc_section][vc_row][vc_column][vc_single_image image=\u00bb6822&#8243; img_size=\u00bbfull\u00bb alignment=\u00bbcenter\u00bb][\/vc_column][\/vc_row][\/vc_section][vc_row][vc_column][vc_empty_space height=\u00bb64px\u00bb][vc_column_text] La Comisi\u00f3n de Bio\u00e9tica del Estado de Tlaxcala, se crea mediante Decreto publicado en el Diario Oficial del Peri\u00f3dico Oficial del Gobierno del Estado de Tlaxcala, el 07 de septiembre de 2012 [\/vc_column_text][vc_empty_space height=\u00bb64px\u00bb][vc_nested_tabs top_margin=\u00bbpage-margin-top-section\u00bb type=\u00bbtype-big\u00bb][vc_nested_tab title=\u00bbOBJETO\u00bb tab_id=\u00bb1723835360078-2-1&#8243;][vc_column_text] OBJETO: Promover el estudio y observancia de valores y principios \u00e9ticos para<\/p>\n","protected":false},"author":1,"featured_media":0,"parent":0,"menu_order":0,"comment_status":"closed","ping_status":"closed","template":"","meta":{"footnotes":""},"class_list":["post-5618","page","type-page","status-publish","hentry"],"_links":{"self":[{"href":"https:\/\/www.saludtlax.gob.mx\/portal\/index.php\/wp-json\/wp\/v2\/pages\/5618","targetHints":{"allow":["GET"]}}],"collection":[{"href":"https:\/\/www.saludtlax.gob.mx\/portal\/index.php\/wp-json\/wp\/v2\/pages"}],"about":[{"href":"https:\/\/www.saludtlax.gob.mx\/portal\/index.php\/wp-json\/wp\/v2\/types\/page"}],"author":[{"embeddable":true,"href":"https:\/\/www.saludtlax.gob.mx\/portal\/index.php\/wp-json\/wp\/v2\/users\/1"}],"replies":[{"embeddable":true,"href":"https:\/\/www.saludtlax.gob.mx\/portal\/index.php\/wp-json\/wp\/v2\/comments?post=5618"}],"version-history":[{"count":17,"href":"https:\/\/www.saludtlax.gob.mx\/portal\/index.php\/wp-json\/wp\/v2\/pages\/5618\/revisions"}],"predecessor-version":[{"id":6950,"href":"https:\/\/www.saludtlax.gob.mx\/portal\/index.php\/wp-json\/wp\/v2\/pages\/5618\/revisions\/6950"}],"wp:attachment":[{"href":"https:\/\/www.saludtlax.gob.mx\/portal\/index.php\/wp-json\/wp\/v2\/media?parent=5618"}],"curies":[{"name":"wp","href":"https:\/\/api.w.org\/{rel}","templated":true}]}}