{"id":5124,"date":"2023-01-26T00:27:56","date_gmt":"2023-01-26T00:27:56","guid":{"rendered":"https:\/\/www.saludtlax.gob.mx\/portal\/?page_id=5124"},"modified":"2023-01-27T18:08:31","modified_gmt":"2023-01-27T18:08:31","slug":"infopre","status":"publish","type":"page","link":"https:\/\/www.saludtlax.gob.mx\/portal\/index.php\/infopre\/","title":{"rendered":"Informaci\u00f3n presupuestal, contable y financiera"},"content":{"rendered":"<section class=\"wpb-content-wrapper\"><p>[vc_row][vc_column]<h3 class=\"box-header\"><\/h3>[vc_column_text]<\/p>\n<ul>\n<li>Cuenta P\u00fablica<\/li>\n<li>Informaci\u00f3n Financiera<\/li>\n<li>Programa Operativo Anual<\/li>\n<li>Programa de Evaluaci\u00f3n<\/li>\n<li>Programas<\/li>\n<\/ul>\n<p>[\/vc_column_text][\/vc_column][\/vc_row]<\/p>\n<\/section>","protected":false},"excerpt":{"rendered":"<p>[vc_row][vc_column][vc_column_text] Cuenta P\u00fablica Informaci\u00f3n Financiera Programa Operativo Anual Programa de Evaluaci\u00f3n Programas [\/vc_column_text][\/vc_column][\/vc_row]<\/p>\n","protected":false},"author":1,"featured_media":0,"parent":0,"menu_order":0,"comment_status":"closed","ping_status":"closed","template":"","meta":{"footnotes":""},"class_list":["post-5124","page","type-page","status-publish","hentry"],"_links":{"self":[{"href":"https:\/\/www.saludtlax.gob.mx\/portal\/index.php\/wp-json\/wp\/v2\/pages\/5124","targetHints":{"allow":["GET"]}}],"collection":[{"href":"https:\/\/www.saludtlax.gob.mx\/portal\/index.php\/wp-json\/wp\/v2\/pages"}],"about":[{"href":"https:\/\/www.saludtlax.gob.mx\/portal\/index.php\/wp-json\/wp\/v2\/types\/page"}],"author":[{"embeddable":true,"href":"https:\/\/www.saludtlax.gob.mx\/portal\/index.php\/wp-json\/wp\/v2\/users\/1"}],"replies":[{"embeddable":true,"href":"https:\/\/www.saludtlax.gob.mx\/portal\/index.php\/wp-json\/wp\/v2\/comments?post=5124"}],"version-history":[{"count":9,"href":"https:\/\/www.saludtlax.gob.mx\/portal\/index.php\/wp-json\/wp\/v2\/pages\/5124\/revisions"}],"predecessor-version":[{"id":5487,"href":"https:\/\/www.saludtlax.gob.mx\/portal\/index.php\/wp-json\/wp\/v2\/pages\/5124\/revisions\/5487"}],"wp:attachment":[{"href":"https:\/\/www.saludtlax.gob.mx\/portal\/index.php\/wp-json\/wp\/v2\/media?parent=5124"}],"curies":[{"name":"wp","href":"https:\/\/api.w.org\/{rel}","templated":true}]}}