{"id":5114,"date":"2023-01-26T00:26:24","date_gmt":"2023-01-26T00:26:24","guid":{"rendered":"https:\/\/www.saludtlax.gob.mx\/portal\/?page_id=5114"},"modified":"2024-02-29T20:46:14","modified_gmt":"2024-02-29T20:46:14","slug":"sesa-tlaxcala","status":"publish","type":"page","link":"https:\/\/www.saludtlax.gob.mx\/portal\/index.php\/sesa-tlaxcala\/","title":{"rendered":"Acerca de"},"content":{"rendered":"<section class=\"wpb-content-wrapper\"><p>[vc_row type=\u00bbfull-width\u00bb top_margin=\u00bbpage-margin-top-section-vlarge\u00bb css=\u00bb.vc_custom_1676141781956{background: #e0dce2 url(https:\/\/www.saludtlax.gob.mx\/portal\/wp-content\/uploads\/2023\/01\/estrellalogo.png?id=5533) !important;background-position: 0 0 !important;background-repeat: no-repeat !important;}\u00bb el_class=\u00bbbackground-right-bottom padding-top-89 padding-bottom-100&#8243;][vc_column][vc_row_inner][vc_column_inner]<h2 class=\"box-header large align-center\">\u00bfQu\u00e9 es Salud Tlaxcala?<\/h2>[vc_column_text el_class=\u00bblarge align-center margin-top-20&#8243;]<strong>Salud de Tlaxcala<\/strong>\u00a0es un Organismo P\u00fablico Descentralizado que se encarga de Promover la Salud, Prevenir la enfermedad y atender la misma, por medio de Medicina Preventiva, Medicina General y Medicina de \u00a0Diferentes Especialidades, dando siempre una atenci\u00f3n \u00a0Eficiente, \u00a0con Calidad \u00a0y Oportuna, todo para el cuidado de nuestra \u00a0Ciudadan\u00eda Tlaxcalteca.<\/p>\n<p>Pretendiendo \u00a0implantar estrategias y programas que generen resultados satisfactorios, evaluando los elementos que sean necesarios para realizar las adecuaciones y correcciones con el fin de cumplir con los objetivos y metas trazadas.[\/vc_column_text][\/vc_column_inner][\/vc_row_inner][vc_row_inner top_margin=\u00bbpage-margin-top-section\u00bb][vc_column_inner width=\u00bb2\/3&#8243;]<ul class=\"clearfix mc-features mc-features-circle mc-features-style-light light-colored page-margin-top\"><li class=\"item-content clearfix\">\r\n\t\t\t\t<span class=\"circle\"  title=\"Misi\u00f3n\"><span class=\"features-document\"><\/span><\/span><div class=\"text\"><h3><span   title=\"Misi\u00f3n\">Misi\u00f3n<\/span><\/h3><p>Proporcionar oportunamente servicios de salud a toda la poblaci\u00f3n de la Entidad, con calidad, calidez, sentido humano y respetando los derechos humanos de cada paciente; con especial \u00e9nfasis en la prevenci\u00f3n de factores que condicionen y causen da\u00f1os a la salud, que permitan contribuir al bienestar social de la poblaci\u00f3n, aplicando con eficiencia los recursos disponibles.<\/p>\n<\/div>\r\n\t\t\t<\/li><li class=\"item-content clearfix\">\r\n\t\t\t\t<span class=\"circle\"  title=\"Visi\u00f3n\"><span class=\"features-certificate\"><\/span><\/span><div class=\"text\"><h3><span   title=\"Visi\u00f3n\">Visi\u00f3n<\/span><\/h3><p>Ser un Organismo eficiente con alta capacidad resolutiva en la atenci\u00f3n integral de los problemas de salud de la poblaci\u00f3n del Estado, otorgando servicios de salud con los mejores est\u00e1ndares de calidad, con capital humano comprometido altamente capacitado, infraestructura, tecnolog\u00eda y equipamiento de vanguardia.<\/p>\n<\/div>\r\n\t\t\t<\/li><\/ul>[\/vc_column_inner][vc_column_inner width=\u00bb1\/3&#8243;][\/vc_column_inner][\/vc_row_inner][\/vc_column][\/vc_row][vc_row top_margin=\u00bbpage-margin-top\u00bb][vc_column]<h3 class=\"box-header\">Objetivos estrat\u00e9gicos<\/h3>[vc_column_text]<\/p>\n<ul>\n<li>Garantizar la calidad de los servicios y la atenci\u00f3n medica integral a trav\u00e9s de una infraestructura f\u00edsica instalada en unidades de primer, segundo y tercer nivel, logrando la accesibilidad y disponibilidad de los servicios de salud con eficiencia, eficacia, efectividad y seguridad para todos los tlaxcaltecas con el prop\u00f3sito de mantener y\/o elevar los niveles de salud de la poblaci\u00f3n<\/li>\n<li>Administrar de manera eficiente y transparente los recursos materiales, humanos y financieros con la finalidad de fortalecer los servicios de salud.<\/li>\n<li>Impulsar el acceso a los sistemas de salud p\u00fablicos con calidad y eficiencia a todo Ciudadano Tlaxcalteca.<\/li>\n<li>Fomentar la educaci\u00f3n para la salud como medida de prevenci\u00f3n de enfermedades con la finalidad de mejorar la calidad de vida de la Poblaci\u00f3n Tlaxcalteca.<\/li>\n<li>Brindar atenci\u00f3n m\u00e9dica de primer y segundo nivel de forma oportuna, eficiente y con calidad.<\/li>\n<li>Reforzar la accesibilidad del esquema de aseguramiento p\u00fablico en materia de salud.<\/li>\n<li>Fortalecer la prevenci\u00f3n de riesgos sanitarios a trav\u00e9s de la supervisi\u00f3n y seguimiento en la aplicaci\u00f3n de la ley y normas vigentes.<\/li>\n<\/ul>\n<p>[\/vc_column_text][\/vc_column][\/vc_row]<\/p>\n<\/section>","protected":false},"excerpt":{"rendered":"<p>[vc_row type=\u00bbfull-width\u00bb top_margin=\u00bbpage-margin-top-section-vlarge\u00bb css=\u00bb.vc_custom_1676141781956{background: #e0dce2 url(https:\/\/www.saludtlax.gob.mx\/portal\/wp-content\/uploads\/2023\/01\/estrellalogo.png?id=5533) !important;background-position: 0 0 !important;background-repeat: no-repeat !important;}\u00bb el_class=\u00bbbackground-right-bottom padding-top-89 padding-bottom-100&#8243;][vc_column][vc_row_inner][vc_column_inner][vc_column_text el_class=\u00bblarge align-center margin-top-20&#8243;]Salud de Tlaxcala\u00a0es un Organismo P\u00fablico Descentralizado que se encarga de Promover la Salud, Prevenir la enfermedad y atender la misma, por medio de Medicina Preventiva, Medicina General y Medicina de \u00a0Diferentes Especialidades, dando siempre una atenci\u00f3n \u00a0Eficiente,<\/p>\n","protected":false},"author":1,"featured_media":0,"parent":0,"menu_order":0,"comment_status":"closed","ping_status":"closed","template":"template-default-without-breadcrumbs.php","meta":{"footnotes":""},"class_list":["post-5114","page","type-page","status-publish","hentry"],"_links":{"self":[{"href":"https:\/\/www.saludtlax.gob.mx\/portal\/index.php\/wp-json\/wp\/v2\/pages\/5114","targetHints":{"allow":["GET"]}}],"collection":[{"href":"https:\/\/www.saludtlax.gob.mx\/portal\/index.php\/wp-json\/wp\/v2\/pages"}],"about":[{"href":"https:\/\/www.saludtlax.gob.mx\/portal\/index.php\/wp-json\/wp\/v2\/types\/page"}],"author":[{"embeddable":true,"href":"https:\/\/www.saludtlax.gob.mx\/portal\/index.php\/wp-json\/wp\/v2\/users\/1"}],"replies":[{"embeddable":true,"href":"https:\/\/www.saludtlax.gob.mx\/portal\/index.php\/wp-json\/wp\/v2\/comments?post=5114"}],"version-history":[{"count":31,"href":"https:\/\/www.saludtlax.gob.mx\/portal\/index.php\/wp-json\/wp\/v2\/pages\/5114\/revisions"}],"predecessor-version":[{"id":6603,"href":"https:\/\/www.saludtlax.gob.mx\/portal\/index.php\/wp-json\/wp\/v2\/pages\/5114\/revisions\/6603"}],"wp:attachment":[{"href":"https:\/\/www.saludtlax.gob.mx\/portal\/index.php\/wp-json\/wp\/v2\/media?parent=5114"}],"curies":[{"name":"wp","href":"https:\/\/api.w.org\/{rel}","templated":true}]}}