{"id":1738,"date":"2013-02-14T10:21:24","date_gmt":"2013-02-14T10:21:24","guid":{"rendered":"http:\/\/localhost\/wordpress\/medicenter\/?page_id=6"},"modified":"2023-04-11T23:43:10","modified_gmt":"2023-04-11T23:43:10","slug":"noticias","status":"publish","type":"page","link":"https:\/\/www.saludtlax.gob.mx\/portal\/index.php\/noticias\/","title":{"rendered":"Noticias"},"content":{"rendered":"<section class=\"wpb-content-wrapper\"><p>[vc_row el_position=\u00bbfirst last\u00bb][vc_column width=\u00bb2\/3&#8243;]<ul class=\"blog clearfix page-margin-top\"><li class=\" post post-7911 type-post status-publish format-standard has-post-thumbnail hentry category-sin-categoria\"><ul class=\"comment-box clearfix\"><li class=\"date clearfix animated-element animation-slideRight\">\n\t\t\t\t\t\t\t\t<div class=\"value\">6 DE MARZO DE 2026<\/div>\n\t\t\t\t\t\t\t\t<div class=\"arrow-date\"><\/div>\n\t\t\t\t\t\t\t<\/li><li class=\"comments-number animated-element animation-slideUp duration-300 delay-500\">\t\t\t<a href=\"https:\/\/www.saludtlax.gob.mx\/portal\/index.php\/2026\/03\/06\/hablemos-de-sarampion\/#respond\" title=\"0 COMMENTS\">0 COMMENTS<\/a>\n\t\t\t\t\t\t\t<\/li><\/ul><div class=\"post-content\"><a class=\"post-image\" href=\"https:\/\/www.saludtlax.gob.mx\/portal\/index.php\/2026\/03\/06\/hablemos-de-sarampion\/\" title=\"Hablemos de Sarampi\u00f3n\"><span class=\"mc-preloader\"><\/span><img loading=\"lazy\" decoding=\"async\" width=\"433\" height=\"446\" src=\"https:\/\/www.saludtlax.gob.mx\/portal\/wp-content\/uploads\/2026\/02\/Captura-de-pantalla-2026-02-09-164848-1-433x446.png\" class=\"attachment-blog-post-thumb size-blog-post-thumb wp-post-image\" alt=\"Hablemos de Sarampi\u00f3n\" title=\"\" \/><\/a><h2 class=\"post-title\"><a href=\"https:\/\/www.saludtlax.gob.mx\/portal\/index.php\/2026\/03\/06\/hablemos-de-sarampion\/\" title=\"Hablemos de Sarampi\u00f3n\">Hablemos de Sarampi\u00f3n<\/a><\/h2><p>Video de la videoconferencia llevada a cabo el dia 27 de febrero del 2026 con el tema: Hablemos de Sarampi\u00f3n<\/p>\n<a title=\"Read more\" href=\"https:\/\/www.saludtlax.gob.mx\/portal\/index.php\/2026\/03\/06\/hablemos-de-sarampion\/\" class=\"more template-arrow-horizontal-1-after\">Read more<\/a>\t\t<div class=\"post-footer clearfix\">\n\t\t\t\t\t\t\t\t<ul class=\"post-footer-details\"><li class=\"post-footer-author\">\n\t\t\t\t\t\t\t\t\t\t<a class=\"author\" href=\"http:\/\/Amaro\" title=\"Mijail Ramirez\">Mijail Ramirez<\/a>\n\t\t\t\t\t\t\t\t\t<\/li><li class=\"post-footer-category\">\n\t\t\t\t\t\t\t\t\t\t\t<a href=\"https:\/\/www.saludtlax.gob.mx\/portal\/index.php\/category\/sin-categoria\/\" title=\"View all posts filed under Sin categor\u00eda\">Sin categor\u00eda<\/a>\n\t\t\t\t\t\t\t\t\t\t<\/li><\/ul><\/div><\/div><\/li><li class=\" post post-7878 type-post status-publish format-standard has-post-thumbnail hentry category-sin-categoria\"><ul class=\"comment-box clearfix\"><li class=\"date clearfix animated-element animation-slideRight\">\n\t\t\t\t\t\t\t\t<div class=\"value\">24 DE FEBRERO DE 2026<\/div>\n\t\t\t\t\t\t\t\t<div class=\"arrow-date\"><\/div>\n\t\t\t\t\t\t\t<\/li><li class=\"comments-number animated-element animation-slideUp duration-300 delay-500\">\t\t\t<a href=\"https:\/\/www.saludtlax.gob.mx\/portal\/index.php\/2026\/02\/24\/abrimos-nuevos-puntos-de-vacunacion-contra-el-sarampion-en-tlaxcala\/#respond\" title=\"0 COMMENTS\">0 COMMENTS<\/a>\n\t\t\t\t\t\t\t<\/li><\/ul><div class=\"post-content\"><a class=\"post-image\" href=\"https:\/\/www.saludtlax.gob.mx\/portal\/index.php\/2026\/02\/24\/abrimos-nuevos-puntos-de-vacunacion-contra-el-sarampion-en-tlaxcala\/\" title=\"Abrimos nuevos puntos de vacunaci\u00f3n contra el sarampi\u00f3n en Tlaxcala\"><span class=\"mc-preloader\"><\/span><img loading=\"lazy\" decoding=\"async\" width=\"612\" height=\"446\" src=\"https:\/\/www.saludtlax.gob.mx\/portal\/wp-content\/uploads\/2026\/02\/WhatsApp-Image-2026-02-24-at-13.40.161-612x446.jpeg\" class=\"attachment-blog-post-thumb size-blog-post-thumb wp-post-image\" alt=\"Abrimos nuevos puntos de vacunaci\u00f3n contra el sarampi\u00f3n en Tlaxcala\" title=\"\" \/><\/a><h2 class=\"post-title\"><a href=\"https:\/\/www.saludtlax.gob.mx\/portal\/index.php\/2026\/02\/24\/abrimos-nuevos-puntos-de-vacunacion-contra-el-sarampion-en-tlaxcala\/\" title=\"Abrimos nuevos puntos de vacunaci\u00f3n contra el sarampi\u00f3n en Tlaxcala\">Abrimos nuevos puntos de vacunaci\u00f3n contra el sarampi\u00f3n en Tlaxcala<\/a><\/h2><p>Abrimos nuevos puntos de #vacunaci\u00f3n contra el #sarampi\u00f3n en #TlaxcalaEl #sarampi\u00f3n es altamente contagioso; todas las ni\u00f1as y ni\u00f1os de 6 meses a 12 a\u00f1os deben estar vacunados.As\u00ed como mujeres y hombres de 13 a 49 a\u00f1os.<\/p>\n<a title=\"Read more\" href=\"https:\/\/www.saludtlax.gob.mx\/portal\/index.php\/2026\/02\/24\/abrimos-nuevos-puntos-de-vacunacion-contra-el-sarampion-en-tlaxcala\/\" class=\"more template-arrow-horizontal-1-after\">Read more<\/a>\t\t<div class=\"post-footer clearfix\">\n\t\t\t\t\t\t\t\t<ul class=\"post-footer-details\"><li class=\"post-footer-author\">\n\t\t\t\t\t\t\t\t\t\t<a class=\"author\" href=\"http:\/\/Amaro\" title=\"Mijail Ramirez\">Mijail Ramirez<\/a>\n\t\t\t\t\t\t\t\t\t<\/li><li class=\"post-footer-category\">\n\t\t\t\t\t\t\t\t\t\t\t<a href=\"https:\/\/www.saludtlax.gob.mx\/portal\/index.php\/category\/sin-categoria\/\" title=\"View all posts filed under Sin categor\u00eda\">Sin categor\u00eda<\/a>\n\t\t\t\t\t\t\t\t\t\t<\/li><\/ul><\/div><\/div><\/li><li class=\" post post-7874 type-post status-publish format-standard has-post-thumbnail hentry category-sin-categoria\"><ul class=\"comment-box clearfix\"><li class=\"date clearfix animated-element animation-slideRight\">\n\t\t\t\t\t\t\t\t<div class=\"value\">17 DE FEBRERO DE 2026<\/div>\n\t\t\t\t\t\t\t\t<div class=\"arrow-date\"><\/div>\n\t\t\t\t\t\t\t<\/li><li class=\"comments-number animated-element animation-slideUp duration-300 delay-500\">\t\t\t<a href=\"https:\/\/www.saludtlax.gob.mx\/portal\/index.php\/2026\/02\/17\/ajolodoc-se-suma-a-la-lucha-contra-el-sarampion\/#respond\" title=\"0 COMMENTS\">0 COMMENTS<\/a>\n\t\t\t\t\t\t\t<\/li><\/ul><div class=\"post-content\"><a class=\"post-image\" href=\"https:\/\/www.saludtlax.gob.mx\/portal\/index.php\/2026\/02\/17\/ajolodoc-se-suma-a-la-lucha-contra-el-sarampion\/\" title=\"Ajolodoc se suma a la lucha contra el sarampi\u00f3n\"><span class=\"mc-preloader\"><\/span><img loading=\"lazy\" decoding=\"async\" width=\"670\" height=\"446\" src=\"https:\/\/www.saludtlax.gob.mx\/portal\/wp-content\/uploads\/2026\/02\/WhatsApp-Image-2026-02-09-at-15.15-670x446.jpg\" class=\"attachment-blog-post-thumb size-blog-post-thumb wp-post-image\" alt=\"Ajolodoc se suma a la lucha contra el sarampi\u00f3n\" title=\"\" srcset=\"https:\/\/www.saludtlax.gob.mx\/portal\/wp-content\/uploads\/2026\/02\/WhatsApp-Image-2026-02-09-at-15.15-670x446.jpg 670w, https:\/\/www.saludtlax.gob.mx\/portal\/wp-content\/uploads\/2026\/02\/WhatsApp-Image-2026-02-09-at-15.15-600x400.jpg 600w, https:\/\/www.saludtlax.gob.mx\/portal\/wp-content\/uploads\/2026\/02\/WhatsApp-Image-2026-02-09-at-15.15-480x320.jpg 480w, https:\/\/www.saludtlax.gob.mx\/portal\/wp-content\/uploads\/2026\/02\/WhatsApp-Image-2026-02-09-at-15.15-390x260.jpg 390w, https:\/\/www.saludtlax.gob.mx\/portal\/wp-content\/uploads\/2026\/02\/WhatsApp-Image-2026-02-09-at-15.15-285x190.jpg 285w\" sizes=\"auto, (max-width: 670px) 100vw, 670px\" \/><\/a><h2 class=\"post-title\"><a href=\"https:\/\/www.saludtlax.gob.mx\/portal\/index.php\/2026\/02\/17\/ajolodoc-se-suma-a-la-lucha-contra-el-sarampion\/\" title=\"Ajolodoc se suma a la lucha contra el sarampi\u00f3n\">Ajolodoc se suma a la lucha contra el sarampi\u00f3n<\/a><\/h2><p>En este video mostramos las acciones preventivas y de concienciaci\u00f3n que Ajolodoc! impulsa para proteger la salud de ni\u00f1as, ni\u00f1os y comunidades enteras. A trav\u00e9s de informaci\u00f3n confiable, promoci\u00f3n de la vacunaci\u00f3n y mensajes de cuidado, reforzamos la&#8230;<\/p>\n<a title=\"Read more\" href=\"https:\/\/www.saludtlax.gob.mx\/portal\/index.php\/2026\/02\/17\/ajolodoc-se-suma-a-la-lucha-contra-el-sarampion\/\" class=\"more template-arrow-horizontal-1-after\">Read more<\/a>\t\t<div class=\"post-footer clearfix\">\n\t\t\t\t\t\t\t\t<ul class=\"post-footer-details\"><li class=\"post-footer-author\">\n\t\t\t\t\t\t\t\t\t\t<a class=\"author\" href=\"http:\/\/Amaro\" title=\"Mijail Ramirez\">Mijail Ramirez<\/a>\n\t\t\t\t\t\t\t\t\t<\/li><li class=\"post-footer-category\">\n\t\t\t\t\t\t\t\t\t\t\t<a href=\"https:\/\/www.saludtlax.gob.mx\/portal\/index.php\/category\/sin-categoria\/\" title=\"View all posts filed under Sin categor\u00eda\">Sin categor\u00eda<\/a>\n\t\t\t\t\t\t\t\t\t\t<\/li><\/ul><\/div><\/div><\/li><li class=\" post post-7856 type-post status-publish format-standard has-post-thumbnail hentry category-sin-categoria\"><ul class=\"comment-box clearfix\"><li class=\"date clearfix animated-element animation-slideRight\">\n\t\t\t\t\t\t\t\t<div class=\"value\">9 DE FEBRERO DE 2026<\/div>\n\t\t\t\t\t\t\t\t<div class=\"arrow-date\"><\/div>\n\t\t\t\t\t\t\t<\/li><li class=\"comments-number animated-element animation-slideUp duration-300 delay-500\">\t\t\t<a href=\"https:\/\/www.saludtlax.gob.mx\/portal\/index.php\/2026\/02\/09\/webinar-hablemos-de-sarampion\/#respond\" title=\"0 COMMENTS\">0 COMMENTS<\/a>\n\t\t\t\t\t\t\t<\/li><\/ul><div class=\"post-content\"><a class=\"post-image\" href=\"https:\/\/www.saludtlax.gob.mx\/portal\/index.php\/2026\/02\/09\/webinar-hablemos-de-sarampion\/\" title=\"WEBINAR HABLEMOS DE SARAMPI\u00d3N\"><span class=\"mc-preloader\"><\/span><img loading=\"lazy\" decoding=\"async\" width=\"433\" height=\"446\" src=\"https:\/\/www.saludtlax.gob.mx\/portal\/wp-content\/uploads\/2026\/02\/Captura-de-pantalla-2026-02-09-164848-1-433x446.png\" class=\"attachment-blog-post-thumb size-blog-post-thumb wp-post-image\" alt=\"WEBINAR HABLEMOS DE SARAMPI\u00d3N\" title=\"\" \/><\/a><h2 class=\"post-title\"><a href=\"https:\/\/www.saludtlax.gob.mx\/portal\/index.php\/2026\/02\/09\/webinar-hablemos-de-sarampion\/\" title=\"WEBINAR HABLEMOS DE SARAMPI\u00d3N\">WEBINAR HABLEMOS DE SARAMPI\u00d3N<\/a><\/h2>PDF WEBINAR HABLEMOS DE SARAMPI\u00d3NDescarga<a title=\"Read more\" href=\"https:\/\/www.saludtlax.gob.mx\/portal\/index.php\/2026\/02\/09\/webinar-hablemos-de-sarampion\/\" class=\"more template-arrow-horizontal-1-after\">Read more<\/a>\t\t<div class=\"post-footer clearfix\">\n\t\t\t\t\t\t\t\t<ul class=\"post-footer-details\"><li class=\"post-footer-author\">\n\t\t\t\t\t\t\t\t\t\t<a class=\"author\" href=\"http:\/\/Amaro\" title=\"Mijail Ramirez\">Mijail Ramirez<\/a>\n\t\t\t\t\t\t\t\t\t<\/li><li class=\"post-footer-category\">\n\t\t\t\t\t\t\t\t\t\t\t<a href=\"https:\/\/www.saludtlax.gob.mx\/portal\/index.php\/category\/sin-categoria\/\" title=\"View all posts filed under Sin categor\u00eda\">Sin categor\u00eda<\/a>\n\t\t\t\t\t\t\t\t\t\t<\/li><\/ul><\/div><\/div><\/li><\/ul><ul class='pagination page-margin-top'><li class='selected'><span>1<\/span><\/li><li><a href='https:\/\/www.saludtlax.gob.mx\/portal\/index.php\/wp-json\/wp\/v2\/pages\/1738\/page\/2\/'>2<\/a><\/li><li><a href='https:\/\/www.saludtlax.gob.mx\/portal\/index.php\/wp-json\/wp\/v2\/pages\/1738\/page\/3\/'>3<\/a><\/li><li><a href='https:\/\/www.saludtlax.gob.mx\/portal\/index.php\/wp-json\/wp\/v2\/pages\/1738\/page\/2\/'>&rsaquo;<\/a><\/li><li><a href='https:\/\/www.saludtlax.gob.mx\/portal\/index.php\/wp-json\/wp\/v2\/pages\/1738\/page\/10\/'>&raquo;<\/a><\/li><\/ul>[\/vc_column][vc_column width=\u00bb1\/3&#8243;][\/vc_column][\/vc_row]<\/p>\n<\/section>","protected":false},"excerpt":{"rendered":"<p>[vc_row el_position=\u00bbfirst last\u00bb][vc_column width=\u00bb2\/3&#8243;][\/vc_column][vc_column width=\u00bb1\/3&#8243;][\/vc_column][\/vc_row]<\/p>\n","protected":false},"author":1,"featured_media":0,"parent":0,"menu_order":0,"comment_status":"open","ping_status":"open","template":"template-blog.php","meta":{"footnotes":""},"class_list":["post-1738","page","type-page","status-publish","hentry"],"_links":{"self":[{"href":"https:\/\/www.saludtlax.gob.mx\/portal\/index.php\/wp-json\/wp\/v2\/pages\/1738","targetHints":{"allow":["GET"]}}],"collection":[{"href":"https:\/\/www.saludtlax.gob.mx\/portal\/index.php\/wp-json\/wp\/v2\/pages"}],"about":[{"href":"https:\/\/www.saludtlax.gob.mx\/portal\/index.php\/wp-json\/wp\/v2\/types\/page"}],"author":[{"embeddable":true,"href":"https:\/\/www.saludtlax.gob.mx\/portal\/index.php\/wp-json\/wp\/v2\/users\/1"}],"replies":[{"embeddable":true,"href":"https:\/\/www.saludtlax.gob.mx\/portal\/index.php\/wp-json\/wp\/v2\/comments?post=1738"}],"version-history":[{"count":3,"href":"https:\/\/www.saludtlax.gob.mx\/portal\/index.php\/wp-json\/wp\/v2\/pages\/1738\/revisions"}],"predecessor-version":[{"id":5801,"href":"https:\/\/www.saludtlax.gob.mx\/portal\/index.php\/wp-json\/wp\/v2\/pages\/1738\/revisions\/5801"}],"wp:attachment":[{"href":"https:\/\/www.saludtlax.gob.mx\/portal\/index.php\/wp-json\/wp\/v2\/media?parent=1738"}],"curies":[{"name":"wp","href":"https:\/\/api.w.org\/{rel}","templated":true}]}}